{"id":3,"date":"2022-03-29T14:34:02","date_gmt":"2022-03-29T12:34:02","guid":{"rendered":"http:\/\/wp-test.sevengroup.fr\/?page_id=3"},"modified":"2025-12-02T15:39:50","modified_gmt":"2025-12-02T14:39:50","slug":"politique-de-confidentialite","status":"publish","type":"page","link":"https:\/\/www.agema.fr\/de\/politique-de-confidentialite\/","title":{"rendered":"Mentions l\u00e9gales &#038; politique de confidentialit\u00e9"},"content":{"rendered":"<div data-elementor-type=\"wp-page\" data-elementor-id=\"3\" class=\"elementor elementor-3\" data-elementor-post-type=\"page\">\n\t\t\t\t\t\t<section class=\"elementor-section elementor-top-section elementor-element elementor-element-43369e74 elementor-section-boxed elementor-section-height-default elementor-section-height-default\" data-id=\"43369e74\" data-element_type=\"section\" data-e-type=\"section\">\n\t\t\t\t\t\t<div class=\"elementor-container elementor-column-gap-default\">\n\t\t\t\t\t<div class=\"elementor-column elementor-col-100 elementor-top-column elementor-element elementor-element-1c7346af\" data-id=\"1c7346af\" data-element_type=\"column\" data-e-type=\"column\">\n\t\t\t<div class=\"elementor-widget-wrap elementor-element-populated\">\n\t\t\t\t\t\t<div class=\"elementor-element elementor-element-99199eb elementor-invisible elementor-widget elementor-widget-heading\" data-id=\"99199eb\" data-element_type=\"widget\" data-e-type=\"widget\" data-settings=\"{&quot;_animation&quot;:&quot;fadeInUp&quot;}\" data-widget_type=\"heading.default\">\n\t\t\t\t<div class=\"elementor-widget-container\">\n\t\t\t\t\t<h1 class=\"elementor-heading-title elementor-size-default\">Rechtliche Hinweise<\/h1>\t\t\t\t<\/div>\n\t\t\t\t<\/div>\n\t\t\t\t<div class=\"elementor-element elementor-element-49ee1ba elementor-widget elementor-widget-text-editor\" data-id=\"49ee1ba\" data-element_type=\"widget\" data-e-type=\"widget\" data-widget_type=\"text-editor.default\">\n\t\t\t\t<div class=\"elementor-widget-container\">\n\t\t\t\t\t\t\t\t\t<p>En vertu de l\u2019article 6 de la Loi n\u00b0 2004-575 du 21 juin 2004 pour la confiance dans l\u2019\u00e9conomie num\u00e9rique, il est pr\u00e9cis\u00e9 aux utilisateurs du pr\u00e9sent site internet AGEMA , les mentions l\u00e9gales suivantes :<\/p>\t\t\t\t\t\t\t\t<\/div>\n\t\t\t\t<\/div>\n\t\t\t\t<div class=\"elementor-element elementor-element-88eacc8 elementor-widget elementor-widget-heading\" data-id=\"88eacc8\" data-element_type=\"widget\" data-e-type=\"widget\" data-widget_type=\"heading.default\">\n\t\t\t\t<div class=\"elementor-widget-container\">\n\t\t\t\t\t<h2 class=\"elementor-heading-title elementor-size-default\">Herausgeber der Website :<\/h2>\t\t\t\t<\/div>\n\t\t\t\t<\/div>\n\t\t\t\t<div class=\"elementor-element elementor-element-71c6324 elementor-widget elementor-widget-text-editor\" data-id=\"71c6324\" data-element_type=\"widget\" data-e-type=\"widget\" data-widget_type=\"text-editor.default\">\n\t\t\t\t<div class=\"elementor-widget-container\">\n\t\t\t\t\t\t\t\t\t<p>SAS AGEMA, vereinfachte Aktiengesellschaft mit einem Kapital von 3 000 000 \u20ac.<\/p><p>Eingetragen im Handelsregister von P\u00e9rigueux unter der Nummer 342\u00a0027 406<\/p><p>Si\u00e8ge social : AGEMA &#8211; ZAE Landry 2 &#8211; 2 Rue Alfred Nobel &#8211; 24755 Boulazac-Isle-Manoire<\/p><p>Telefon <span style=\"text-decoration: underline;\"><span style=\"color: #000000;\"><a style=\"color: #000000; text-decoration: underline;\" href=\"tel:0553038000\" data-wplink-edit=\"true\">05 53 03 80 00<\/a><\/span><\/span><\/p><p>Gesetzlicher Vertreter: Herr Francis ROUX, Vorsitzender des Verwaltungsrats<\/p><p>Direktor der Ver\u00f6ffentlichung: J\u00e9r\u00f4me LESTARQUIT - Kommunikationsdirektor der SEVEN-Gruppe<\/p><p>Courriel\u00a0: \u00a0<span style=\"text-decoration: underline;\"><span style=\"color: #000000;\"><a style=\"color: #000000; text-decoration: underline;\" href=\"mailto:communication@sevengroup.fr\">communication@sevengroup.fr<\/a><\/span><\/span><\/p>\t\t\t\t\t\t\t\t<\/div>\n\t\t\t\t<\/div>\n\t\t\t\t<div class=\"elementor-element elementor-element-953d084 elementor-widget elementor-widget-heading\" data-id=\"953d084\" data-element_type=\"widget\" data-e-type=\"widget\" data-widget_type=\"heading.default\">\n\t\t\t\t<div class=\"elementor-widget-container\">\n\t\t\t\t\t<h2 class=\"elementor-heading-title elementor-size-default\">Hosting :<\/h2>\t\t\t\t<\/div>\n\t\t\t\t<\/div>\n\t\t\t\t<div class=\"elementor-element elementor-element-1c89741 elementor-widget elementor-widget-text-editor\" data-id=\"1c89741\" data-element_type=\"widget\" data-e-type=\"widget\" data-widget_type=\"text-editor.default\">\n\t\t\t\t<div class=\"elementor-widget-container\">\n\t\t\t\t\t\t\t\t\t<p>SAS AGEMA, vereinfachte Aktiengesellschaft mit einem Kapital von 3 000 000 \u20ac.<\/p><p>Eingetragen im Handelsregister von P\u00e9rigueux unter der Nummer 342\u00a0027 406<\/p><p>Si\u00e8ge social : AGEMA &#8211; ZAE Landry 2 &#8211; 2 Rue Alfred Nobel &#8211; 24755 Boulazac-Isle-Manoire<\/p><p>Gesetzlicher Vertreter: SA SEVEN, Vorsitzender<\/p><p>Telefon <span style=\"text-decoration: underline; color: #000000;\"><a style=\"color: #000000; text-decoration: underline;\" href=\"tel:0553038000\">05 53 03 80 00<\/a><\/span><\/p>\t\t\t\t\t\t\t\t<\/div>\n\t\t\t\t<\/div>\n\t\t\t\t<div class=\"elementor-element elementor-element-6f8f7e2 elementor-widget elementor-widget-heading\" data-id=\"6f8f7e2\" data-element_type=\"widget\" data-e-type=\"widget\" data-widget_type=\"heading.default\">\n\t\t\t\t<div class=\"elementor-widget-container\">\n\t\t\t\t\t<h2 class=\"elementor-heading-title elementor-size-default\">Inhalt der Website :<\/h2>\t\t\t\t<\/div>\n\t\t\t\t<\/div>\n\t\t\t\t<div class=\"elementor-element elementor-element-743dd3f elementor-widget elementor-widget-text-editor\" data-id=\"743dd3f\" data-element_type=\"widget\" data-e-type=\"widget\" data-widget_type=\"text-editor.default\">\n\t\t\t\t<div class=\"elementor-widget-container\">\n\t\t\t\t\t\t\t\t\t<p>AGEMA unternimmt alle Anstrengungen, um die Sicherheit der Website zu gew\u00e4hrleisten.<\/p><p>No entanto, as informa\u00e7\u00f5es contidas no S\u00edtio s\u00e3o fornecidas apenas para fins informativos. A AGEMA esfor\u00e7a-se por manter a exatid\u00e3o das informa\u00e7\u00f5es contidas no S\u00edtio e por manter o S\u00edtio atualizado, sem qualquer outra garantia.<\/p><p>Consequentemente, a AGEMA declina toda a responsabilidade por qualquer dano resultante, nomeadamente, da imprecis\u00e3o ou inexatid\u00e3o das informa\u00e7\u00f5es dispon\u00edveis no S\u00edtio ou por qualquer dano resultante da introdu\u00e7\u00e3o por terceiros de dados errados ou indesej\u00e1veis no S\u00edtio.<\/p><p>Das Herunterladen von Inhalten von der Website erfolgt auf eigenes Risiko und unter der alleinigen Verantwortung des Nutzers.<\/p><p>Ebenso kann AGEMA nicht f\u00fcr Sch\u00e4den oder Viren haftbar gemacht werden, die die Computerausr\u00fcstung des Nutzers nach dem Besuch der Website trotz der ergriffenen Sicherheitsma\u00dfnahmen besch\u00e4digen oder unbrauchbar machen k\u00f6nnen. Der Nutzer verpflichtet sich, mit einer aktuellen, virenfreien Ausr\u00fcstung und einem aktuellen Browser auf die Website zuzugreifen.<\/p><p>Auf der Website befinden sich Hyperlinks, die den Zugang zu anderen Websites erleichtern sollen. AGEMA \u00fcbernimmt jedoch keine Verantwortung f\u00fcr die Nutzung oder den Inhalt von Websites Dritter, auf die ein Nutzer \u00fcber die Website zugegriffen hat.<\/p>\t\t\t\t\t\t\t\t<\/div>\n\t\t\t\t<\/div>\n\t\t\t\t<div class=\"elementor-element elementor-element-75a385a elementor-widget elementor-widget-heading\" data-id=\"75a385a\" data-element_type=\"widget\" data-e-type=\"widget\" data-widget_type=\"heading.default\">\n\t\t\t\t<div class=\"elementor-widget-container\">\n\t\t\t\t\t<h2 class=\"elementor-heading-title elementor-size-default\">Geistiges Eigentum :<\/h2>\t\t\t\t<\/div>\n\t\t\t\t<\/div>\n\t\t\t\t<div class=\"elementor-element elementor-element-364764f elementor-widget elementor-widget-text-editor\" data-id=\"364764f\" data-element_type=\"widget\" data-e-type=\"widget\" data-widget_type=\"text-editor.default\">\n\t\t\t\t<div class=\"elementor-widget-container\">\n\t\t\t\t\t\t\t\t\t<p>Jede Reproduktion, Darstellung, \u00c4nderung, Ver\u00f6ffentlichung und Anpassung aller oder eines Teils der Elemente der Website, unabh\u00e4ngig von den verwendeten Mitteln oder Verfahren, ist ohne vorherige schriftliche Genehmigung von AGEMA untersagt.<\/p><p>Jede nicht genehmigte Nutzung der Website oder eines ihrer Elemente kann strafrechtlich verfolgt werden.<\/p>\t\t\t\t\t\t\t\t<\/div>\n\t\t\t\t<\/div>\n\t\t\t\t<div class=\"elementor-element elementor-element-f5b8b47 elementor-widget elementor-widget-heading\" data-id=\"f5b8b47\" data-element_type=\"widget\" data-e-type=\"widget\" data-widget_type=\"heading.default\">\n\t\t\t\t<div class=\"elementor-widget-container\">\n\t\t\t\t\t<h2 class=\"elementor-heading-title elementor-size-default\">Schutz personenbezogener Daten :<\/h2>\t\t\t\t<\/div>\n\t\t\t\t<\/div>\n\t\t\t\t<div class=\"elementor-element elementor-element-f8d8f70 elementor-widget elementor-widget-text-editor\" data-id=\"f8d8f70\" data-element_type=\"widget\" data-e-type=\"widget\" data-widget_type=\"text-editor.default\">\n\t\t\t\t<div class=\"elementor-widget-container\">\n\t\t\t\t\t\t\t\t\t<p>Conform\u00e9ment \u00e0 la loi 78-17 du 6 janvier 1978 (modifi\u00e9e par la loi 2004-801 du 6 ao\u00fbt 2004 relative \u00e0 la protection des personnes physiques \u00e0 l\u2019\u00e9gard des traitements de donn\u00e9es \u00e0 caract\u00e8re personnel), tout utilisateur du Site dispose d\u2019un droit d\u2019acc\u00e8s, de modification, de rectification et de suppression des donn\u00e9es \u00e0 caract\u00e8re personnel collect\u00e9es, ainsi qu\u2019un droit d\u2019opposition qu\u2019il peut exercer en nous contactant : <span style=\"text-decoration: underline;\"><span style=\"color: #000000;\"><a style=\"color: #000000; text-decoration: underline;\" href=\"mailto:communication@sevengroup.fr\">communication@sevengroup.fr<\/a><\/span><\/span><\/p>\n<p>L\u2019utilisateur peut aussi d\u00e9poser une plainte aupr\u00e8s de la cnil sur le site&nbsp;: https:\/\/www.cnil.fr\/<\/p>\n<p>Certaines donn\u00e9es personnelles peuvent \u00eatre recueillies et enregistr\u00e9es sur des&nbsp;fichiers&nbsp;informatis\u00e9s lorsque l\u2019utilisateur concern\u00e9 fournit volontairement ces informations en remplissant un formulaire en ligne.<\/p>\n<p>Diese Daten werden 13 Monate lang aufbewahrt.<\/p>\t\t\t\t\t\t\t\t<\/div>\n\t\t\t\t<\/div>\n\t\t\t\t<div class=\"elementor-element elementor-element-d97641d elementor-widget elementor-widget-heading\" data-id=\"d97641d\" data-element_type=\"widget\" data-e-type=\"widget\" data-widget_type=\"heading.default\">\n\t\t\t\t<div class=\"elementor-widget-container\">\n\t\t\t\t\t<h2 class=\"elementor-heading-title elementor-size-default\">Cookies :<\/h2>\t\t\t\t<\/div>\n\t\t\t\t<\/div>\n\t\t\t\t<div class=\"elementor-element elementor-element-23ce3ef elementor-widget elementor-widget-text-editor\" data-id=\"23ce3ef\" data-element_type=\"widget\" data-e-type=\"widget\" data-widget_type=\"text-editor.default\">\n\t\t\t\t<div class=\"elementor-widget-container\">\n\t\t\t\t\t\t\t\t\t<p>Um die Navigation auf der Website zu verbessern, sammelt AGEMA w\u00e4hrend des Besuchs bestimmte Daten \u00fcber die Hinterlegung und das Lesen von Trackern, die als \u201eCookies\u201c bezeichnet und auf dem Computer des Nutzers installiert werden.<\/p><p>Ein \u201eCookie\u201c ist eine kleine Datei, die Informationen \u00fcber die Navigation eines Nutzers auf einer Website speichert. Die so gewonnenen Daten erm\u00f6glichen z. B. die Messung der Besucherzahlen.<\/p><p>Jeder Nutzer hat die M\u00f6glichkeit, Cookies zu akzeptieren oder abzulehnen, indem er die Einstellungen seines Browsers \u00e4ndert.<\/p>\t\t\t\t\t\t\t\t<\/div>\n\t\t\t\t<\/div>\n\t\t\t\t<div class=\"elementor-element elementor-element-2e241dd elementor-widget elementor-widget-heading\" data-id=\"2e241dd\" data-element_type=\"widget\" data-e-type=\"widget\" data-widget_type=\"heading.default\">\n\t\t\t\t<div class=\"elementor-widget-container\">\n\t\t\t\t\t<h2 class=\"elementor-heading-title elementor-size-default\">Anwendbares Recht :<\/h2>\t\t\t\t<\/div>\n\t\t\t\t<\/div>\n\t\t\t\t<div class=\"elementor-element elementor-element-031808c elementor-widget elementor-widget-text-editor\" data-id=\"031808c\" data-element_type=\"widget\" data-e-type=\"widget\" data-widget_type=\"text-editor.default\">\n\t\t\t\t<div class=\"elementor-widget-container\">\n\t\t\t\t\t\t\t\t\t<p>Alle Streitigkeiten im Zusammenhang mit der Nutzung der Website unterliegen dem franz\u00f6sischen Recht.<\/p>\t\t\t\t\t\t\t\t<\/div>\n\t\t\t\t<\/div>\n\t\t\t\t\t<\/div>\n\t\t<\/div>\n\t\t\t\t\t<\/div>\n\t\t<\/section>\n\t\t\t\t<\/div>","protected":false},"excerpt":{"rendered":"<p>Mentions L\u00e9gales En vertu de l\u2019article 6 de la Loi n\u00b0 2004-575 du 21 juin 2004 pour la confiance dans l\u2019\u00e9conomie num\u00e9rique, il est pr\u00e9cis\u00e9 aux utilisateurs du pr\u00e9sent site internet AGEMA , les mentions l\u00e9gales suivantes : Editeur du site : SAS AGEMA, Soci\u00e9t\u00e9 par Actions Simplifi\u00e9e au capital de 3\u00a0000\u00a0000 \u20ac Immatricul\u00e9e au [&hellip;]<\/p>\n","protected":false},"author":1,"featured_media":0,"parent":0,"menu_order":0,"comment_status":"closed","ping_status":"open","template":"","meta":{"footnotes":""},"class_list":["post-3","page","type-page","status-publish","hentry"],"_links":{"self":[{"href":"https:\/\/www.agema.fr\/de\/wp-json\/wp\/v2\/pages\/3","targetHints":{"allow":["GET"]}}],"collection":[{"href":"https:\/\/www.agema.fr\/de\/wp-json\/wp\/v2\/pages"}],"about":[{"href":"https:\/\/www.agema.fr\/de\/wp-json\/wp\/v2\/types\/page"}],"author":[{"embeddable":true,"href":"https:\/\/www.agema.fr\/de\/wp-json\/wp\/v2\/users\/1"}],"replies":[{"embeddable":true,"href":"https:\/\/www.agema.fr\/de\/wp-json\/wp\/v2\/comments?post=3"}],"version-history":[{"count":46,"href":"https:\/\/www.agema.fr\/de\/wp-json\/wp\/v2\/pages\/3\/revisions"}],"predecessor-version":[{"id":7628,"href":"https:\/\/www.agema.fr\/de\/wp-json\/wp\/v2\/pages\/3\/revisions\/7628"}],"wp:attachment":[{"href":"https:\/\/www.agema.fr\/de\/wp-json\/wp\/v2\/media?parent=3"}],"curies":[{"name":"wp","href":"https:\/\/api.w.org\/{rel}","templated":true}]}}