{"id":3,"date":"2022-03-29T14:34:02","date_gmt":"2022-03-29T12:34:02","guid":{"rendered":"http:\/\/wp-test.sevengroup.fr\/?page_id=3"},"modified":"2025-12-02T15:39:50","modified_gmt":"2025-12-02T14:39:50","slug":"politique-de-confidentialite","status":"publish","type":"page","link":"https:\/\/www.agema.fr\/en\/politique-de-confidentialite\/","title":{"rendered":"Mentions l\u00e9gales &#038; politique de confidentialit\u00e9"},"content":{"rendered":"<div data-elementor-type=\"wp-page\" data-elementor-id=\"3\" class=\"elementor elementor-3\" data-elementor-post-type=\"page\">\n\t\t\t\t\t\t<section class=\"elementor-section elementor-top-section elementor-element elementor-element-43369e74 elementor-section-boxed elementor-section-height-default elementor-section-height-default\" data-id=\"43369e74\" data-element_type=\"section\" data-e-type=\"section\">\n\t\t\t\t\t\t<div class=\"elementor-container elementor-column-gap-default\">\n\t\t\t\t\t<div class=\"elementor-column elementor-col-100 elementor-top-column elementor-element elementor-element-1c7346af\" data-id=\"1c7346af\" data-element_type=\"column\" data-e-type=\"column\">\n\t\t\t<div class=\"elementor-widget-wrap elementor-element-populated\">\n\t\t\t\t\t\t<div class=\"elementor-element elementor-element-99199eb elementor-invisible elementor-widget elementor-widget-heading\" data-id=\"99199eb\" data-element_type=\"widget\" data-e-type=\"widget\" data-settings=\"{&quot;_animation&quot;:&quot;fadeInUp&quot;}\" data-widget_type=\"heading.default\">\n\t\t\t\t<div class=\"elementor-widget-container\">\n\t\t\t\t\t<h1 class=\"elementor-heading-title elementor-size-default\">Legal information<\/h1>\t\t\t\t<\/div>\n\t\t\t\t<\/div>\n\t\t\t\t<div class=\"elementor-element elementor-element-49ee1ba elementor-widget elementor-widget-text-editor\" data-id=\"49ee1ba\" data-element_type=\"widget\" data-e-type=\"widget\" data-widget_type=\"text-editor.default\">\n\t\t\t\t<div class=\"elementor-widget-container\">\n\t\t\t\t\t\t\t\t\t<p>En vertu de l\u2019article 6 de la Loi n\u00b0 2004-575 du 21 juin 2004 pour la confiance dans l\u2019\u00e9conomie num\u00e9rique, il est pr\u00e9cis\u00e9 aux utilisateurs du pr\u00e9sent site internet AGEMA , les mentions l\u00e9gales suivantes :<\/p>\t\t\t\t\t\t\t\t<\/div>\n\t\t\t\t<\/div>\n\t\t\t\t<div class=\"elementor-element elementor-element-88eacc8 elementor-widget elementor-widget-heading\" data-id=\"88eacc8\" data-element_type=\"widget\" data-e-type=\"widget\" data-widget_type=\"heading.default\">\n\t\t\t\t<div class=\"elementor-widget-container\">\n\t\t\t\t\t<h2 class=\"elementor-heading-title elementor-size-default\">Website editor :<\/h2>\t\t\t\t<\/div>\n\t\t\t\t<\/div>\n\t\t\t\t<div class=\"elementor-element elementor-element-71c6324 elementor-widget elementor-widget-text-editor\" data-id=\"71c6324\" data-element_type=\"widget\" data-e-type=\"widget\" data-widget_type=\"text-editor.default\">\n\t\t\t\t<div class=\"elementor-widget-container\">\n\t\t\t\t\t\t\t\t\t<p>SAS AGEMA, a simplified joint stock company with capital of \u20ac3,000,000<\/p><p>Registered with the RCS of P\u00e9rigueux under number 342\u00a0027 406<\/p><p>Si\u00e8ge social : AGEMA &#8211; ZAE Landry 2 &#8211; 2 Rue Alfred Nobel &#8211; 24755 Boulazac-Isle-Manoire<\/p><p>Phone <span style=\"text-decoration: underline;\"><span style=\"color: #000000;\"><a style=\"color: #000000; text-decoration: underline;\" href=\"tel:0553038000\" data-wplink-edit=\"true\">05 53 03 80 00<\/a><\/span><\/span><\/p><p>Legal representative: Mr Francis ROUX, Chairman of the Board of Directors<\/p><p>Director of publication : J\u00e9r\u00f4me LESTARQUIT - Director of communication of the SEVEN group<\/p><p>Courriel\u00a0: \u00a0<span style=\"text-decoration: underline;\"><span style=\"color: #000000;\"><a style=\"color: #000000; text-decoration: underline;\" href=\"mailto:communication@sevengroup.fr\">communication@sevengroup.fr<\/a><\/span><\/span><\/p>\t\t\t\t\t\t\t\t<\/div>\n\t\t\t\t<\/div>\n\t\t\t\t<div class=\"elementor-element elementor-element-953d084 elementor-widget elementor-widget-heading\" data-id=\"953d084\" data-element_type=\"widget\" data-e-type=\"widget\" data-widget_type=\"heading.default\">\n\t\t\t\t<div class=\"elementor-widget-container\">\n\t\t\t\t\t<h2 class=\"elementor-heading-title elementor-size-default\">Hosted by :<\/h2>\t\t\t\t<\/div>\n\t\t\t\t<\/div>\n\t\t\t\t<div class=\"elementor-element elementor-element-1c89741 elementor-widget elementor-widget-text-editor\" data-id=\"1c89741\" data-element_type=\"widget\" data-e-type=\"widget\" data-widget_type=\"text-editor.default\">\n\t\t\t\t<div class=\"elementor-widget-container\">\n\t\t\t\t\t\t\t\t\t<p>SAS AGEMA, a simplified joint stock company with capital of \u20ac3,000,000<\/p><p>Registered with the RCS of P\u00e9rigueux under number 342\u00a0027 406<\/p><p>Si\u00e8ge social : AGEMA &#8211; ZAE Landry 2 &#8211; 2 Rue Alfred Nobel &#8211; 24755 Boulazac-Isle-Manoire<\/p><p>Legal representative: SA SEVEN, Chairman<\/p><p>Phone <span style=\"text-decoration: underline; color: #000000;\"><a style=\"color: #000000; text-decoration: underline;\" href=\"tel:0553038000\">05 53 03 80 00<\/a><\/span><\/p>\t\t\t\t\t\t\t\t<\/div>\n\t\t\t\t<\/div>\n\t\t\t\t<div class=\"elementor-element elementor-element-6f8f7e2 elementor-widget elementor-widget-heading\" data-id=\"6f8f7e2\" data-element_type=\"widget\" data-e-type=\"widget\" data-widget_type=\"heading.default\">\n\t\t\t\t<div class=\"elementor-widget-container\">\n\t\t\t\t\t<h2 class=\"elementor-heading-title elementor-size-default\">Site content :<\/h2>\t\t\t\t<\/div>\n\t\t\t\t<\/div>\n\t\t\t\t<div class=\"elementor-element elementor-element-743dd3f elementor-widget elementor-widget-text-editor\" data-id=\"743dd3f\" data-element_type=\"widget\" data-e-type=\"widget\" data-widget_type=\"text-editor.default\">\n\t\t\t\t<div class=\"elementor-widget-container\">\n\t\t\t\t\t\t\t\t\t<p>AGEMA makes every effort to ensure the security of the Site.<\/p><p>However, the information contained on the Site is provided for information purposes only. AGEMA endeavours to maintain the accuracy of the information on the Site and to keep the Site up to date without any other guarantee.<\/p><p>Consequently, AGEMA declines all responsibility for any damage resulting in particular from imprecision or inaccuracy of the information available on the Site or for any harm resulting from the introduction by a third party of erroneous or undesirable data on the Site.<\/p><p>Any downloading of content from the Site is done at the user's own risk and under the user's sole responsibility.<\/p><p>Similarly, AGEMA cannot be held liable in the event of damage or viruses that may damage or render unusable the user's computer equipment following a visit to the Site, despite the security measures put in place. The user undertakes to access the site using recent, virus-free equipment with an up-to-date browser.<\/p><p>Hypertext links are provided on the Site to facilitate access to other sites. Nevertheless, AGEMA declines all responsibility for the use or content of any third-party site to which a user may have had access via the Site.<\/p>\t\t\t\t\t\t\t\t<\/div>\n\t\t\t\t<\/div>\n\t\t\t\t<div class=\"elementor-element elementor-element-75a385a elementor-widget elementor-widget-heading\" data-id=\"75a385a\" data-element_type=\"widget\" data-e-type=\"widget\" data-widget_type=\"heading.default\">\n\t\t\t\t<div class=\"elementor-widget-container\">\n\t\t\t\t\t<h2 class=\"elementor-heading-title elementor-size-default\">Intellectual property :<\/h2>\t\t\t\t<\/div>\n\t\t\t\t<\/div>\n\t\t\t\t<div class=\"elementor-element elementor-element-364764f elementor-widget elementor-widget-text-editor\" data-id=\"364764f\" data-element_type=\"widget\" data-e-type=\"widget\" data-widget_type=\"text-editor.default\">\n\t\t\t\t<div class=\"elementor-widget-container\">\n\t\t\t\t\t\t\t\t\t<p>Any reproduction, representation, modification, publication, adaptation of all or part of the elements of the Site, whatever the means or process used, is prohibited, except with the prior written authorisation of AGEMA.<\/p><p>Any unauthorised use of the Site or of any of the elements it contains will be liable to prosecution.<\/p>\t\t\t\t\t\t\t\t<\/div>\n\t\t\t\t<\/div>\n\t\t\t\t<div class=\"elementor-element elementor-element-f5b8b47 elementor-widget elementor-widget-heading\" data-id=\"f5b8b47\" data-element_type=\"widget\" data-e-type=\"widget\" data-widget_type=\"heading.default\">\n\t\t\t\t<div class=\"elementor-widget-container\">\n\t\t\t\t\t<h2 class=\"elementor-heading-title elementor-size-default\">Protection of personal data :<\/h2>\t\t\t\t<\/div>\n\t\t\t\t<\/div>\n\t\t\t\t<div class=\"elementor-element elementor-element-f8d8f70 elementor-widget elementor-widget-text-editor\" data-id=\"f8d8f70\" data-element_type=\"widget\" data-e-type=\"widget\" data-widget_type=\"text-editor.default\">\n\t\t\t\t<div class=\"elementor-widget-container\">\n\t\t\t\t\t\t\t\t\t<p>Conform\u00e9ment \u00e0 la loi 78-17 du 6 janvier 1978 (modifi\u00e9e par la loi 2004-801 du 6 ao\u00fbt 2004 relative \u00e0 la protection des personnes physiques \u00e0 l\u2019\u00e9gard des traitements de donn\u00e9es \u00e0 caract\u00e8re personnel), tout utilisateur du Site dispose d\u2019un droit d\u2019acc\u00e8s, de modification, de rectification et de suppression des donn\u00e9es \u00e0 caract\u00e8re personnel collect\u00e9es, ainsi qu\u2019un droit d\u2019opposition qu\u2019il peut exercer en nous contactant : <span style=\"text-decoration: underline;\"><span style=\"color: #000000;\"><a style=\"color: #000000; text-decoration: underline;\" href=\"mailto:communication@sevengroup.fr\">communication@sevengroup.fr<\/a><\/span><\/span><\/p>\n<p>L\u2019utilisateur peut aussi d\u00e9poser une plainte aupr\u00e8s de la cnil sur le site&nbsp;: https:\/\/www.cnil.fr\/<\/p>\n<p>Certaines donn\u00e9es personnelles peuvent \u00eatre recueillies et enregistr\u00e9es sur des&nbsp;fichiers&nbsp;informatis\u00e9s lorsque l\u2019utilisateur concern\u00e9 fournit volontairement ces informations en remplissant un formulaire en ligne.<\/p>\n<p>This data is kept for 13 months.<\/p>\t\t\t\t\t\t\t\t<\/div>\n\t\t\t\t<\/div>\n\t\t\t\t<div class=\"elementor-element elementor-element-d97641d elementor-widget elementor-widget-heading\" data-id=\"d97641d\" data-element_type=\"widget\" data-e-type=\"widget\" data-widget_type=\"heading.default\">\n\t\t\t\t<div class=\"elementor-widget-container\">\n\t\t\t\t\t<h2 class=\"elementor-heading-title elementor-size-default\">Cookies :<\/h2>\t\t\t\t<\/div>\n\t\t\t\t<\/div>\n\t\t\t\t<div class=\"elementor-element elementor-element-23ce3ef elementor-widget elementor-widget-text-editor\" data-id=\"23ce3ef\" data-element_type=\"widget\" data-e-type=\"widget\" data-widget_type=\"text-editor.default\">\n\t\t\t\t<div class=\"elementor-widget-container\">\n\t\t\t\t\t\t\t\t\t<p>In order to improve navigation on the Site, AGEMA collects certain data during the visit by depositing and reading tracers called \u2018cookies\u2019 installed on the user's computer.<\/p><p>A \u2018cookie\u2019 is a small file that records information about a user's browsing on a site. The data obtained in this way can be used to measure visitor numbers, for example.<\/p><p>All users have the option of accepting or refusing cookies by modifying their browser settings.<\/p>\t\t\t\t\t\t\t\t<\/div>\n\t\t\t\t<\/div>\n\t\t\t\t<div class=\"elementor-element elementor-element-2e241dd elementor-widget elementor-widget-heading\" data-id=\"2e241dd\" data-element_type=\"widget\" data-e-type=\"widget\" data-widget_type=\"heading.default\">\n\t\t\t\t<div class=\"elementor-widget-container\">\n\t\t\t\t\t<h2 class=\"elementor-heading-title elementor-size-default\">Applicable law :<\/h2>\t\t\t\t<\/div>\n\t\t\t\t<\/div>\n\t\t\t\t<div class=\"elementor-element elementor-element-031808c elementor-widget elementor-widget-text-editor\" data-id=\"031808c\" data-element_type=\"widget\" data-e-type=\"widget\" data-widget_type=\"text-editor.default\">\n\t\t\t\t<div class=\"elementor-widget-container\">\n\t\t\t\t\t\t\t\t\t<p>Any dispute arising in connection with the use of the Site is subject to French law.<\/p>\t\t\t\t\t\t\t\t<\/div>\n\t\t\t\t<\/div>\n\t\t\t\t\t<\/div>\n\t\t<\/div>\n\t\t\t\t\t<\/div>\n\t\t<\/section>\n\t\t\t\t<\/div>","protected":false},"excerpt":{"rendered":"<p>Mentions L\u00e9gales En vertu de l\u2019article 6 de la Loi n\u00b0 2004-575 du 21 juin 2004 pour la confiance dans l\u2019\u00e9conomie num\u00e9rique, il est pr\u00e9cis\u00e9 aux utilisateurs du pr\u00e9sent site internet AGEMA , les mentions l\u00e9gales suivantes : Editeur du site : SAS AGEMA, Soci\u00e9t\u00e9 par Actions Simplifi\u00e9e au capital de 3\u00a0000\u00a0000 \u20ac Immatricul\u00e9e au [&hellip;]<\/p>\n","protected":false},"author":1,"featured_media":0,"parent":0,"menu_order":0,"comment_status":"closed","ping_status":"open","template":"","meta":{"footnotes":""},"class_list":["post-3","page","type-page","status-publish","hentry"],"_links":{"self":[{"href":"https:\/\/www.agema.fr\/en\/wp-json\/wp\/v2\/pages\/3","targetHints":{"allow":["GET"]}}],"collection":[{"href":"https:\/\/www.agema.fr\/en\/wp-json\/wp\/v2\/pages"}],"about":[{"href":"https:\/\/www.agema.fr\/en\/wp-json\/wp\/v2\/types\/page"}],"author":[{"embeddable":true,"href":"https:\/\/www.agema.fr\/en\/wp-json\/wp\/v2\/users\/1"}],"replies":[{"embeddable":true,"href":"https:\/\/www.agema.fr\/en\/wp-json\/wp\/v2\/comments?post=3"}],"version-history":[{"count":46,"href":"https:\/\/www.agema.fr\/en\/wp-json\/wp\/v2\/pages\/3\/revisions"}],"predecessor-version":[{"id":7628,"href":"https:\/\/www.agema.fr\/en\/wp-json\/wp\/v2\/pages\/3\/revisions\/7628"}],"wp:attachment":[{"href":"https:\/\/www.agema.fr\/en\/wp-json\/wp\/v2\/media?parent=3"}],"curies":[{"name":"wp","href":"https:\/\/api.w.org\/{rel}","templated":true}]}}