{"id":3,"date":"2022-03-29T14:34:02","date_gmt":"2022-03-29T12:34:02","guid":{"rendered":"http:\/\/wp-test.sevengroup.fr\/?page_id=3"},"modified":"2025-12-02T15:39:50","modified_gmt":"2025-12-02T14:39:50","slug":"politique-de-confidentialite","status":"publish","type":"page","link":"https:\/\/www.agema.fr\/es\/politique-de-confidentialite\/","title":{"rendered":"Mentions l\u00e9gales &#038; politique de confidentialit\u00e9"},"content":{"rendered":"<div data-elementor-type=\"wp-page\" data-elementor-id=\"3\" class=\"elementor elementor-3\" data-elementor-post-type=\"page\">\n\t\t\t\t\t\t<section class=\"elementor-section elementor-top-section elementor-element elementor-element-43369e74 elementor-section-boxed elementor-section-height-default elementor-section-height-default\" data-id=\"43369e74\" data-element_type=\"section\" data-e-type=\"section\">\n\t\t\t\t\t\t<div class=\"elementor-container elementor-column-gap-default\">\n\t\t\t\t\t<div class=\"elementor-column elementor-col-100 elementor-top-column elementor-element elementor-element-1c7346af\" data-id=\"1c7346af\" data-element_type=\"column\" data-e-type=\"column\">\n\t\t\t<div class=\"elementor-widget-wrap elementor-element-populated\">\n\t\t\t\t\t\t<div class=\"elementor-element elementor-element-99199eb elementor-invisible elementor-widget elementor-widget-heading\" data-id=\"99199eb\" data-element_type=\"widget\" data-e-type=\"widget\" data-settings=\"{&quot;_animation&quot;:&quot;fadeInUp&quot;}\" data-widget_type=\"heading.default\">\n\t\t\t\t<div class=\"elementor-widget-container\">\n\t\t\t\t\t<h1 class=\"elementor-heading-title elementor-size-default\">Informaci\u00f3n jur\u00eddica<\/h1>\t\t\t\t<\/div>\n\t\t\t\t<\/div>\n\t\t\t\t<div class=\"elementor-element elementor-element-49ee1ba elementor-widget elementor-widget-text-editor\" data-id=\"49ee1ba\" data-element_type=\"widget\" data-e-type=\"widget\" data-widget_type=\"text-editor.default\">\n\t\t\t\t<div class=\"elementor-widget-container\">\n\t\t\t\t\t\t\t\t\t<p>En vertu de l\u2019article 6 de la Loi n\u00b0 2004-575 du 21 juin 2004 pour la confiance dans l\u2019\u00e9conomie num\u00e9rique, il est pr\u00e9cis\u00e9 aux utilisateurs du pr\u00e9sent site internet AGEMA , les mentions l\u00e9gales suivantes :<\/p>\t\t\t\t\t\t\t\t<\/div>\n\t\t\t\t<\/div>\n\t\t\t\t<div class=\"elementor-element elementor-element-88eacc8 elementor-widget elementor-widget-heading\" data-id=\"88eacc8\" data-element_type=\"widget\" data-e-type=\"widget\" data-widget_type=\"heading.default\">\n\t\t\t\t<div class=\"elementor-widget-container\">\n\t\t\t\t\t<h2 class=\"elementor-heading-title elementor-size-default\">Editor del sitio web :<\/h2>\t\t\t\t<\/div>\n\t\t\t\t<\/div>\n\t\t\t\t<div class=\"elementor-element elementor-element-71c6324 elementor-widget elementor-widget-text-editor\" data-id=\"71c6324\" data-element_type=\"widget\" data-e-type=\"widget\" data-widget_type=\"text-editor.default\">\n\t\t\t\t<div class=\"elementor-widget-container\">\n\t\t\t\t\t\t\t\t\t<p>SAS AGEMA, sociedad por acciones simplificada con un capital de 3.000.000 euros<\/p><p>Inscrita en el RCS de P\u00e9rigueux con el n\u00famero 342\u00a0027 406<\/p><p>Si\u00e8ge social : AGEMA &#8211; ZAE Landry 2 &#8211; 2 Rue Alfred Nobel &#8211; 24755 Boulazac-Isle-Manoire<\/p><p>Tel\u00e9fono <span style=\"text-decoration: underline;\"><span style=\"color: #000000;\"><a style=\"color: #000000; text-decoration: underline;\" href=\"tel:0553038000\" data-wplink-edit=\"true\">05 53 03 80 00<\/a><\/span><\/span><\/p><p>Representante legal: Sr. Francis ROUX, Presidente del Consejo de Administraci\u00f3n<\/p><p>Diretor da publica\u00e7\u00e3o: J\u00e9r\u00f4me LESTARQUIT - Diretor de Comunica\u00e7\u00e3o do Grupo SEVEN<\/p><p>Courriel\u00a0: \u00a0<span style=\"text-decoration: underline;\"><span style=\"color: #000000;\"><a style=\"color: #000000; text-decoration: underline;\" href=\"mailto:communication@sevengroup.fr\">communication@sevengroup.fr<\/a><\/span><\/span><\/p>\t\t\t\t\t\t\t\t<\/div>\n\t\t\t\t<\/div>\n\t\t\t\t<div class=\"elementor-element elementor-element-953d084 elementor-widget elementor-widget-heading\" data-id=\"953d084\" data-element_type=\"widget\" data-e-type=\"widget\" data-widget_type=\"heading.default\">\n\t\t\t\t<div class=\"elementor-widget-container\">\n\t\t\t\t\t<h2 class=\"elementor-heading-title elementor-size-default\">Organizado por :<\/h2>\t\t\t\t<\/div>\n\t\t\t\t<\/div>\n\t\t\t\t<div class=\"elementor-element elementor-element-1c89741 elementor-widget elementor-widget-text-editor\" data-id=\"1c89741\" data-element_type=\"widget\" data-e-type=\"widget\" data-widget_type=\"text-editor.default\">\n\t\t\t\t<div class=\"elementor-widget-container\">\n\t\t\t\t\t\t\t\t\t<p>SAS AGEMA, sociedad por acciones simplificada con un capital de 3.000.000 euros<\/p><p>Inscrita en el RCS de P\u00e9rigueux con el n\u00famero 342\u00a0027 406<\/p><p>Si\u00e8ge social : AGEMA &#8211; ZAE Landry 2 &#8211; 2 Rue Alfred Nobel &#8211; 24755 Boulazac-Isle-Manoire<\/p><p>Representante legal: SA SEVEN, Presidente<\/p><p>Tel\u00e9fono <span style=\"text-decoration: underline; color: #000000;\"><a style=\"color: #000000; text-decoration: underline;\" href=\"tel:0553038000\">05 53 03 80 00<\/a><\/span><\/p>\t\t\t\t\t\t\t\t<\/div>\n\t\t\t\t<\/div>\n\t\t\t\t<div class=\"elementor-element elementor-element-6f8f7e2 elementor-widget elementor-widget-heading\" data-id=\"6f8f7e2\" data-element_type=\"widget\" data-e-type=\"widget\" data-widget_type=\"heading.default\">\n\t\t\t\t<div class=\"elementor-widget-container\">\n\t\t\t\t\t<h2 class=\"elementor-heading-title elementor-size-default\">Contenido del sitio :<\/h2>\t\t\t\t<\/div>\n\t\t\t\t<\/div>\n\t\t\t\t<div class=\"elementor-element elementor-element-743dd3f elementor-widget elementor-widget-text-editor\" data-id=\"743dd3f\" data-element_type=\"widget\" data-e-type=\"widget\" data-widget_type=\"text-editor.default\">\n\t\t\t\t<div class=\"elementor-widget-container\">\n\t\t\t\t\t\t\t\t\t<p>AGEMA hace todo lo posible para garantizar la seguridad del Sitio.<\/p><p>No obstante, la informaci\u00f3n contenida en el Sitio se facilita \u00fanicamente a t\u00edtulo informativo. AGEMA se esfuerza por mantener la exactitud de la informaci\u00f3n contenida en el Sitio y por mantenerlo actualizado sin ninguna otra garant\u00eda.<\/p><p>En consecuencia, AGEMA declina toda responsabilidad por cualquier da\u00f1o resultante en particular de la imprecisi\u00f3n o inexactitud de la informaci\u00f3n disponible en el Sitio o por cualquier perjuicio resultante de la introducci\u00f3n por un tercero de datos err\u00f3neos o indeseables en el Sitio.<\/p><p>Cualquier descarga de contenidos del Sitio se realiza por cuenta y riesgo del usuario y bajo su exclusiva responsabilidad.<\/p><p>Asimismo, AGEMA no se hace responsable en caso de da\u00f1os o virus que puedan da\u00f1ar o inutilizar el equipo inform\u00e1tico del usuario tras su visita al Sitio, a pesar de las medidas de seguridad establecidas. El usuario se compromete a acceder al sitio utilizando un equipo reciente, libre de virus y con un navegador actualizado.<\/p><p>En el Sitio se proporcionan enlaces de hipertexto para facilitar el acceso a otros sitios. No obstante, AGEMA declina toda responsabilidad por el uso o el contenido de cualquier sitio de terceros al que un usuario haya podido acceder a trav\u00e9s del Sitio.<\/p>\t\t\t\t\t\t\t\t<\/div>\n\t\t\t\t<\/div>\n\t\t\t\t<div class=\"elementor-element elementor-element-75a385a elementor-widget elementor-widget-heading\" data-id=\"75a385a\" data-element_type=\"widget\" data-e-type=\"widget\" data-widget_type=\"heading.default\">\n\t\t\t\t<div class=\"elementor-widget-container\">\n\t\t\t\t\t<h2 class=\"elementor-heading-title elementor-size-default\">Propiedad intelectual :<\/h2>\t\t\t\t<\/div>\n\t\t\t\t<\/div>\n\t\t\t\t<div class=\"elementor-element elementor-element-364764f elementor-widget elementor-widget-text-editor\" data-id=\"364764f\" data-element_type=\"widget\" data-e-type=\"widget\" data-widget_type=\"text-editor.default\">\n\t\t\t\t<div class=\"elementor-widget-container\">\n\t\t\t\t\t\t\t\t\t<p>Toda reproducci\u00f3n, representaci\u00f3n, modificaci\u00f3n, publicaci\u00f3n, adaptaci\u00f3n de la totalidad o parte de los elementos del Sitio, cualesquiera que sean los medios o procedimientos utilizados, est\u00e1 prohibida, salvo autorizaci\u00f3n previa por escrito de AGEMA.<\/p><p>Cualquier uso no autorizado del Sitio o de cualquiera de los elementos que contiene podr\u00e1 ser objeto de acciones judiciales.<\/p>\t\t\t\t\t\t\t\t<\/div>\n\t\t\t\t<\/div>\n\t\t\t\t<div class=\"elementor-element elementor-element-f5b8b47 elementor-widget elementor-widget-heading\" data-id=\"f5b8b47\" data-element_type=\"widget\" data-e-type=\"widget\" data-widget_type=\"heading.default\">\n\t\t\t\t<div class=\"elementor-widget-container\">\n\t\t\t\t\t<h2 class=\"elementor-heading-title elementor-size-default\">Protecci\u00f3n de datos personales :<\/h2>\t\t\t\t<\/div>\n\t\t\t\t<\/div>\n\t\t\t\t<div class=\"elementor-element elementor-element-f8d8f70 elementor-widget elementor-widget-text-editor\" data-id=\"f8d8f70\" data-element_type=\"widget\" data-e-type=\"widget\" data-widget_type=\"text-editor.default\">\n\t\t\t\t<div class=\"elementor-widget-container\">\n\t\t\t\t\t\t\t\t\t<p>Conform\u00e9ment \u00e0 la loi 78-17 du 6 janvier 1978 (modifi\u00e9e par la loi 2004-801 du 6 ao\u00fbt 2004 relative \u00e0 la protection des personnes physiques \u00e0 l\u2019\u00e9gard des traitements de donn\u00e9es \u00e0 caract\u00e8re personnel), tout utilisateur du Site dispose d\u2019un droit d\u2019acc\u00e8s, de modification, de rectification et de suppression des donn\u00e9es \u00e0 caract\u00e8re personnel collect\u00e9es, ainsi qu\u2019un droit d\u2019opposition qu\u2019il peut exercer en nous contactant : <span style=\"text-decoration: underline;\"><span style=\"color: #000000;\"><a style=\"color: #000000; text-decoration: underline;\" href=\"mailto:communication@sevengroup.fr\">communication@sevengroup.fr<\/a><\/span><\/span><\/p>\n<p>L\u2019utilisateur peut aussi d\u00e9poser une plainte aupr\u00e8s de la cnil sur le site&nbsp;: https:\/\/www.cnil.fr\/<\/p>\n<p>Certaines donn\u00e9es personnelles peuvent \u00eatre recueillies et enregistr\u00e9es sur des&nbsp;fichiers&nbsp;informatis\u00e9s lorsque l\u2019utilisateur concern\u00e9 fournit volontairement ces informations en remplissant un formulaire en ligne.<\/p>\n<p>Estos datos se conservan durante 13 meses.<\/p>\t\t\t\t\t\t\t\t<\/div>\n\t\t\t\t<\/div>\n\t\t\t\t<div class=\"elementor-element elementor-element-d97641d elementor-widget elementor-widget-heading\" data-id=\"d97641d\" data-element_type=\"widget\" data-e-type=\"widget\" data-widget_type=\"heading.default\">\n\t\t\t\t<div class=\"elementor-widget-container\">\n\t\t\t\t\t<h2 class=\"elementor-heading-title elementor-size-default\">Cookies :<\/h2>\t\t\t\t<\/div>\n\t\t\t\t<\/div>\n\t\t\t\t<div class=\"elementor-element elementor-element-23ce3ef elementor-widget elementor-widget-text-editor\" data-id=\"23ce3ef\" data-element_type=\"widget\" data-e-type=\"widget\" data-widget_type=\"text-editor.default\">\n\t\t\t\t<div class=\"elementor-widget-container\">\n\t\t\t\t\t\t\t\t\t<p>Con el fin de mejorar la navegaci\u00f3n en el Sitio, AGEMA recoge determinados datos durante la visita mediante el dep\u00f3sito y la lectura de trazadores denominados \u00abcookies\u00bb instalados en el ordenador del usuario.<\/p><p>Una \u00abcookie\u00bb es un peque\u00f1o archivo que registra informaci\u00f3n sobre la navegaci\u00f3n de un usuario en un sitio web. Los datos obtenidos de este modo pueden utilizarse, por ejemplo, para medir el n\u00famero de visitantes.<\/p><p>Todos los usuarios tienen la opci\u00f3n de aceptar o rechazar las cookies modificando la configuraci\u00f3n de su navegador.<\/p>\t\t\t\t\t\t\t\t<\/div>\n\t\t\t\t<\/div>\n\t\t\t\t<div class=\"elementor-element elementor-element-2e241dd elementor-widget elementor-widget-heading\" data-id=\"2e241dd\" data-element_type=\"widget\" data-e-type=\"widget\" data-widget_type=\"heading.default\">\n\t\t\t\t<div class=\"elementor-widget-container\">\n\t\t\t\t\t<h2 class=\"elementor-heading-title elementor-size-default\">Legislaci\u00f3n aplicable :<\/h2>\t\t\t\t<\/div>\n\t\t\t\t<\/div>\n\t\t\t\t<div class=\"elementor-element elementor-element-031808c elementor-widget elementor-widget-text-editor\" data-id=\"031808c\" data-element_type=\"widget\" data-e-type=\"widget\" data-widget_type=\"text-editor.default\">\n\t\t\t\t<div class=\"elementor-widget-container\">\n\t\t\t\t\t\t\t\t\t<p>Cualquier litigio que surja en relaci\u00f3n con el uso del Sitio est\u00e1 sujeto a la legislaci\u00f3n francesa.<\/p>\t\t\t\t\t\t\t\t<\/div>\n\t\t\t\t<\/div>\n\t\t\t\t\t<\/div>\n\t\t<\/div>\n\t\t\t\t\t<\/div>\n\t\t<\/section>\n\t\t\t\t<\/div>","protected":false},"excerpt":{"rendered":"<p>Mentions L\u00e9gales En vertu de l\u2019article 6 de la Loi n\u00b0 2004-575 du 21 juin 2004 pour la confiance dans l\u2019\u00e9conomie num\u00e9rique, il est pr\u00e9cis\u00e9 aux utilisateurs du pr\u00e9sent site internet AGEMA , les mentions l\u00e9gales suivantes : Editeur du site : SAS AGEMA, Soci\u00e9t\u00e9 par Actions Simplifi\u00e9e au capital de 3\u00a0000\u00a0000 \u20ac Immatricul\u00e9e au [&hellip;]<\/p>\n","protected":false},"author":1,"featured_media":0,"parent":0,"menu_order":0,"comment_status":"closed","ping_status":"open","template":"","meta":{"footnotes":""},"class_list":["post-3","page","type-page","status-publish","hentry"],"_links":{"self":[{"href":"https:\/\/www.agema.fr\/es\/wp-json\/wp\/v2\/pages\/3","targetHints":{"allow":["GET"]}}],"collection":[{"href":"https:\/\/www.agema.fr\/es\/wp-json\/wp\/v2\/pages"}],"about":[{"href":"https:\/\/www.agema.fr\/es\/wp-json\/wp\/v2\/types\/page"}],"author":[{"embeddable":true,"href":"https:\/\/www.agema.fr\/es\/wp-json\/wp\/v2\/users\/1"}],"replies":[{"embeddable":true,"href":"https:\/\/www.agema.fr\/es\/wp-json\/wp\/v2\/comments?post=3"}],"version-history":[{"count":46,"href":"https:\/\/www.agema.fr\/es\/wp-json\/wp\/v2\/pages\/3\/revisions"}],"predecessor-version":[{"id":7628,"href":"https:\/\/www.agema.fr\/es\/wp-json\/wp\/v2\/pages\/3\/revisions\/7628"}],"wp:attachment":[{"href":"https:\/\/www.agema.fr\/es\/wp-json\/wp\/v2\/media?parent=3"}],"curies":[{"name":"wp","href":"https:\/\/api.w.org\/{rel}","templated":true}]}}