{"id":5057,"date":"2023-06-09T08:57:43","date_gmt":"2023-06-09T06:57:43","guid":{"rendered":"https:\/\/www.agema.fr\/?page_id=5057"},"modified":"2024-04-08T18:11:43","modified_gmt":"2024-04-08T16:11:43","slug":"emploi-conducteur-de-travaux-perigueux","status":"publish","type":"page","link":"https:\/\/www.agema.fr\/es\/recrutement\/emploi-conducteur-de-travaux-perigueux\/","title":{"rendered":"Emploi &#8211; Conducteur de travaux P\u00e9rigueux"},"content":{"rendered":"\t\t<div data-elementor-type=\"wp-page\" data-elementor-id=\"5057\" class=\"elementor elementor-5057\" data-elementor-post-type=\"page\">\n\t\t\t\t\t\t<section class=\"elementor-section elementor-top-section elementor-element elementor-element-55abc9b elementor-section-boxed elementor-section-height-default elementor-section-height-default\" data-id=\"55abc9b\" data-element_type=\"section\" data-e-type=\"section\" data-settings=\"{&quot;background_background&quot;:&quot;classic&quot;}\">\n\t\t\t\t\t\t\t<div class=\"elementor-background-overlay\"><\/div>\n\t\t\t\t\t\t\t<div class=\"elementor-container elementor-column-gap-default\">\n\t\t\t\t\t<div class=\"elementor-column elementor-col-100 elementor-top-column elementor-element elementor-element-7736702\" data-id=\"7736702\" data-element_type=\"column\" data-e-type=\"column\" data-settings=\"{&quot;motion_fx_motion_fx_scrolling&quot;:&quot;yes&quot;,&quot;motion_fx_devices&quot;:[&quot;desktop&quot;,&quot;tablet&quot;,&quot;mobile&quot;]}\">\n\t\t\t<div class=\"elementor-widget-wrap elementor-element-populated\">\n\t\t\t\t\t\t<div class=\"elementor-element elementor-element-8b93d5d elementor-widget__width-initial elementor-widget elementor-widget-image\" data-id=\"8b93d5d\" data-element_type=\"widget\" data-e-type=\"widget\" data-widget_type=\"image.default\">\n\t\t\t\t<div class=\"elementor-widget-container\">\n\t\t\t\t\t\t\t\t\t\t\t\t\t\t\t<img decoding=\"async\" src=\"https:\/\/www.agema.fr\/wp-content\/uploads\/2022\/04\/favicon-agema.jpg\" title=\"favicon-agema\" alt=\"favicon-agema\" loading=\"lazy\" \/>\t\t\t\t\t\t\t\t\t\t\t\t\t\t\t<\/div>\n\t\t\t\t<\/div>\n\t\t\t\t<div class=\"elementor-element elementor-element-0636365 elementor-widget__width-auto animated-slow elementor-invisible elementor-widget elementor-widget-heading\" data-id=\"0636365\" data-element_type=\"widget\" data-e-type=\"widget\" data-settings=\"{&quot;_animation&quot;:&quot;fadeInUp&quot;}\" data-widget_type=\"heading.default\">\n\t\t\t\t<div class=\"elementor-widget-container\">\n\t\t\t\t\t<h1 class=\"elementor-heading-title elementor-size-default\"><a href=\"http:\/\/emploi-conducteur-de-travaux-perigueux\">Assistant juridique (h\/f) - P\u00e9rigueux<\/a><\/h1>\t\t\t\t<\/div>\n\t\t\t\t<\/div>\n\t\t\t\t\t<\/div>\n\t\t<\/div>\n\t\t\t\t\t<\/div>\n\t\t<\/section>\n\t\t\t\t<section class=\"elementor-section elementor-top-section elementor-element elementor-element-11f2bde elementor-section-content-top elementor-section-boxed elementor-section-height-default elementor-section-height-default\" data-id=\"11f2bde\" data-element_type=\"section\" data-e-type=\"section\">\n\t\t\t\t\t\t<div class=\"elementor-container elementor-column-gap-default\">\n\t\t\t\t\t<div class=\"elementor-column elementor-col-100 elementor-top-column elementor-element elementor-element-87117e8\" data-id=\"87117e8\" data-element_type=\"column\" data-e-type=\"column\">\n\t\t\t<div class=\"elementor-widget-wrap elementor-element-populated\">\n\t\t\t\t\t\t<div class=\"elementor-element elementor-element-24b258b elementor-widget elementor-widget-text-editor\" data-id=\"24b258b\" data-element_type=\"widget\" data-e-type=\"widget\" data-widget_type=\"text-editor.default\">\n\t\t\t\t<div class=\"elementor-widget-container\">\n\t\t\t\t\t\t\t\t\t<p>Le groupe SEVEN, comprenant diverses entreprises (AGEMA, AGS Facilities, AHRPE, etc.) sp\u00e9cialis\u00e9es dans le domaine du b\u00e2timent et de l\u2019agencement, recherche pour son si\u00e8ge bas\u00e9 \u00e0 P\u00e9rigueux, un Assistant juridique.<\/p>\t\t\t\t\t\t\t\t<\/div>\n\t\t\t\t<\/div>\n\t\t\t\t<section class=\"elementor-section elementor-inner-section elementor-element elementor-element-42eaf00 elementor-section-boxed elementor-section-height-default elementor-section-height-default\" data-id=\"42eaf00\" data-element_type=\"section\" data-e-type=\"section\">\n\t\t\t\t\t\t<div class=\"elementor-container elementor-column-gap-extended\">\n\t\t\t\t\t<div class=\"elementor-column elementor-col-50 elementor-inner-column elementor-element elementor-element-569ee3b\" data-id=\"569ee3b\" data-element_type=\"column\" data-e-type=\"column\">\n\t\t\t<div class=\"elementor-widget-wrap elementor-element-populated\">\n\t\t\t\t\t\t<div class=\"elementor-element elementor-element-ce2cde2 elementor-widget elementor-widget-heading\" data-id=\"ce2cde2\" data-element_type=\"widget\" data-e-type=\"widget\" data-widget_type=\"heading.default\">\n\t\t\t\t<div class=\"elementor-widget-container\">\n\t\t\t\t\t<h2 class=\"elementor-heading-title elementor-size-default\">Principales activit\u00e9s de la fonction : <\/h2>\t\t\t\t<\/div>\n\t\t\t\t<\/div>\n\t\t\t\t<div class=\"elementor-element elementor-element-fdc11cd elementor-widget elementor-widget-text-editor\" data-id=\"fdc11cd\" data-element_type=\"widget\" data-e-type=\"widget\" data-widget_type=\"text-editor.default\">\n\t\t\t\t<div class=\"elementor-widget-container\">\n\t\t\t\t\t\t\t\t\t<p>\u00a0<\/p><ul><li>Veille\/ recherche r\u00e9glementaire<\/li><li>Participation au montage de dossiers contentieux, pr\u00e9contentieux<\/li><li>Pr\u00e9paration de courriers<\/li><li>Suivi des dossiers<\/li><li>Relances<\/li><li>Assistance vari\u00e9e au service juridique<\/li><\/ul><p>\u00a0<\/p><p>La liste des taches confi\u00e9es n\u2019est pas exhaustive et d\u00e9pendra des exp\u00e9riences du candidat, ces t\u00e2ches seront amen\u00e9es \u00e0 \u00e9voluer dans le temps.<\/p><p>\u00a0<\/p>\t\t\t\t\t\t\t\t<\/div>\n\t\t\t\t<\/div>\n\t\t\t\t\t<\/div>\n\t\t<\/div>\n\t\t\t\t<div class=\"elementor-column elementor-col-50 elementor-inner-column elementor-element elementor-element-121912f\" data-id=\"121912f\" data-element_type=\"column\" data-e-type=\"column\">\n\t\t\t<div class=\"elementor-widget-wrap elementor-element-populated\">\n\t\t\t\t\t\t<div class=\"elementor-element elementor-element-9bf309a elementor-widget elementor-widget-heading\" data-id=\"9bf309a\" data-element_type=\"widget\" data-e-type=\"widget\" data-widget_type=\"heading.default\">\n\t\t\t\t<div class=\"elementor-widget-container\">\n\t\t\t\t\t<h2 class=\"elementor-heading-title elementor-size-default\">Profil recherch\u00e9 : <\/h2>\t\t\t\t<\/div>\n\t\t\t\t<\/div>\n\t\t\t\t<div class=\"elementor-element elementor-element-b074863 elementor-widget elementor-widget-text-editor\" data-id=\"b074863\" data-element_type=\"widget\" data-e-type=\"widget\" data-widget_type=\"text-editor.default\">\n\t\t\t\t<div class=\"elementor-widget-container\">\n\t\t\t\t\t\t\t\t\t<ul><li>Vous b\u00e9n\u00e9ficiez de 5 ann\u00e9es d\u2019exp\u00e9rience minimum en tant qu\u2019assistante juridique en cabinet ou entreprise<\/li><li>Vous \u00eates investi, perfectionniste et vous savez faire preuve de r\u00e9silience<\/li><\/ul>\t\t\t\t\t\t\t\t<\/div>\n\t\t\t\t<\/div>\n\t\t\t\t\t<\/div>\n\t\t<\/div>\n\t\t\t\t\t<\/div>\n\t\t<\/section>\n\t\t\t\t\t<\/div>\n\t\t<\/div>\n\t\t\t\t\t<\/div>\n\t\t<\/section>\n\t\t\t\t<section class=\"elementor-section elementor-top-section elementor-element elementor-element-01568b0 elementor-section-boxed elementor-section-height-default elementor-section-height-default\" data-id=\"01568b0\" data-element_type=\"section\" data-e-type=\"section\" data-settings=\"{&quot;background_background&quot;:&quot;classic&quot;}\">\n\t\t\t\t\t\t<div class=\"elementor-container elementor-column-gap-default\">\n\t\t\t\t\t<div class=\"elementor-column elementor-col-100 elementor-top-column elementor-element elementor-element-8d94156\" data-id=\"8d94156\" data-element_type=\"column\" data-e-type=\"column\">\n\t\t\t<div class=\"elementor-widget-wrap elementor-element-populated\">\n\t\t\t\t\t\t<div class=\"elementor-element elementor-element-f66e9be animated-slow elementor-invisible elementor-widget elementor-widget-heading\" data-id=\"f66e9be\" data-element_type=\"widget\" data-e-type=\"widget\" data-settings=\"{&quot;_animation&quot;:&quot;fadeInUp&quot;}\" data-widget_type=\"heading.default\">\n\t\t\t\t<div class=\"elementor-widget-container\">\n\t\t\t\t\t<h2 class=\"elementor-heading-title elementor-size-default\">Postuler \u00e0 cette offre<\/h2>\t\t\t\t<\/div>\n\t\t\t\t<\/div>\n\t\t\t\t<div class=\"elementor-element elementor-element-2fc8bd9 elementor-button-align-stretch elementor-widget elementor-widget-form\" data-id=\"2fc8bd9\" data-element_type=\"widget\" data-e-type=\"widget\" data-settings=\"{&quot;step_next_label&quot;:&quot;Suivant&quot;,&quot;step_previous_label&quot;:&quot;Pr\\u00e9c\\u00e9dent&quot;,&quot;button_width&quot;:&quot;100&quot;,&quot;step_type&quot;:&quot;number_text&quot;,&quot;step_icon_shape&quot;:&quot;circle&quot;}\" data-widget_type=\"form.default\">\n\t\t\t\t<div class=\"elementor-widget-container\">\n\t\t\t\t\t\t\t<form class=\"elementor-form\" method=\"post\" name=\"Candidature conducteur travaux Nancy\" aria-label=\"Candidature conducteur travaux Nancy\">\n\t\t\t<input type=\"hidden\" name=\"post_id\" value=\"5057\"\/>\n\t\t\t<input type=\"hidden\" name=\"form_id\" value=\"2fc8bd9\"\/>\n\t\t\t<input type=\"hidden\" name=\"referer_title\" value=\"\" \/>\n\n\t\t\t\n\t\t\t<div class=\"elementor-form-fields-wrapper elementor-labels-above\">\n\t\t\t\t\t\t\t\t<div class=\"elementor-field-type-text elementor-field-group elementor-column elementor-field-group-Nom elementor-col-50\">\n\t\t\t\t\t\t\t\t\t\t\t\t\t<input size=\"1\" type=\"text\" name=\"form_fields[Nom]\" id=\"form-field-Nom\" class=\"elementor-field elementor-size-sm  elementor-field-textual\" placeholder=\"Nom\">\n\t\t\t\t\t\t\t\t\t\t\t<\/div>\n\t\t\t\t\t\t\t\t<div class=\"elementor-field-type-text elementor-field-group elementor-column elementor-field-group-Prenom elementor-col-50\">\n\t\t\t\t\t\t\t\t\t\t\t\t\t<input size=\"1\" type=\"text\" name=\"form_fields[Prenom]\" id=\"form-field-Prenom\" class=\"elementor-field elementor-size-sm  elementor-field-textual\" placeholder=\"Pr\u00e9nom\">\n\t\t\t\t\t\t\t\t\t\t\t<\/div>\n\t\t\t\t\t\t\t\t<div class=\"elementor-field-type-email elementor-field-group elementor-column elementor-field-group-email elementor-col-50 elementor-field-required\">\n\t\t\t\t\t\t\t\t\t\t\t\t\t<input size=\"1\" type=\"email\" name=\"form_fields[email]\" id=\"form-field-email\" class=\"elementor-field elementor-size-sm  elementor-field-textual\" placeholder=\"E-mail\" required=\"required\">\n\t\t\t\t\t\t\t\t\t\t\t<\/div>\n\t\t\t\t\t\t\t\t<div class=\"elementor-field-type-tel elementor-field-group elementor-column elementor-field-group-Tel elementor-col-50 elementor-field-required\">\n\t\t\t\t\t\t\t<input size=\"1\" type=\"tel\" name=\"form_fields[Tel]\" id=\"form-field-Tel\" class=\"elementor-field elementor-size-sm  elementor-field-textual\" placeholder=\"T\u00e9l\u00e9phone\" required=\"required\" pattern=\"[0-9()#&amp;+*-=.]+\" title=\"Seuls les caract\u00e8res de num\u00e9ros de t\u00e9l\u00e9phone (#, -, *, etc.) sont accept\u00e9s.\">\n\n\t\t\t\t\t\t<\/div>\n\t\t\t\t\t\t\t\t<div class=\"elementor-field-type-text\">\n\t\t\t\t\t<input size=\"1\" type=\"text\" name=\"form_fields[field_0a00ad5]\" id=\"form-field-field_0a00ad5\" class=\"elementor-field elementor-size-sm \" style=\"display:none !important;\">\t\t\t\t<\/div>\n\t\t\t\t\t\t\t\t<div class=\"elementor-field-type-upload elementor-field-group elementor-column elementor-field-group-field_346e354 elementor-col-100\">\n\t\t\t\t\t\t\t\t\t\t\t\t<label for=\"form-field-field_346e354\" class=\"elementor-field-label\">\n\t\t\t\t\t\t\t\tCV\t\t\t\t\t\t\t<\/label>\n\t\t\t\t\t\t\t\t<input type=\"file\" name=\"form_fields[field_346e354]\" id=\"form-field-field_346e354\" class=\"elementor-field elementor-size-sm  elementor-upload-field\" data-maxsize=\"5\" data-maxsize-message=\"Ce fichier d\u00e9passe la taille maximale autoris\u00e9e.\">\n\n\t\t\t\t\t\t<\/div>\n\t\t\t\t\t\t\t\t<div class=\"elementor-field-type-recaptcha elementor-field-group elementor-column elementor-field-group-field_e69c9ae elementor-col-100\">\n\t\t\t\t\t<div class=\"elementor-field\" id=\"form-field-field_e69c9ae\"><div class=\"elementor-g-recaptcha\" data-sitekey=\"6LfjeacoAAAAAJbuDikys7IBy8kpTA-E1ESlaC7i\" data-type=\"v2_checkbox\" data-theme=\"light\" data-size=\"normal\"><\/div><\/div>\t\t\t\t<\/div>\n\t\t\t\t\t\t\t\t<div class=\"elementor-field-group elementor-column elementor-field-type-submit elementor-col-100 e-form__buttons\">\n\t\t\t\t\t<button class=\"elementor-button elementor-size-sm\" type=\"submit\">\n\t\t\t\t\t\t<span class=\"elementor-button-content-wrapper\">\n\t\t\t\t\t\t\t\t\t\t\t\t\t\t\t\t\t\t\t\t\t\t<span class=\"elementor-button-text\">Envoyer<\/span>\n\t\t\t\t\t\t\t\t\t\t\t\t\t<\/span>\n\t\t\t\t\t<\/button>\n\t\t\t\t<\/div>\n\t\t\t<\/div>\n\t\t<\/form>\n\t\t\t\t\t\t<\/div>\n\t\t\t\t<\/div>\n\t\t\t\t\t<\/div>\n\t\t<\/div>\n\t\t\t\t\t<\/div>\n\t\t<\/section>\n\t\t\t\t<\/div>\n\t\t","protected":false},"excerpt":{"rendered":"<p>Assistant juridique (h\/f) &#8211; P\u00e9rigueux Le groupe SEVEN, comprenant diverses entreprises (AGEMA, AGS Facilities, AHRPE, etc.) sp\u00e9cialis\u00e9es dans le domaine du b\u00e2timent et de l\u2019agencement, recherche pour son si\u00e8ge bas\u00e9 \u00e0 P\u00e9rigueux, un Assistant juridique. Principales activit\u00e9s de la fonction : \u00a0 Veille\/ recherche r\u00e9glementaire Participation au montage de dossiers contentieux, pr\u00e9contentieux Pr\u00e9paration de courriers [&hellip;]<\/p>\n","protected":false},"author":12,"featured_media":0,"parent":33,"menu_order":0,"comment_status":"closed","ping_status":"closed","template":"","meta":{"footnotes":""},"class_list":["post-5057","page","type-page","status-publish","hentry"],"_links":{"self":[{"href":"https:\/\/www.agema.fr\/es\/wp-json\/wp\/v2\/pages\/5057","targetHints":{"allow":["GET"]}}],"collection":[{"href":"https:\/\/www.agema.fr\/es\/wp-json\/wp\/v2\/pages"}],"about":[{"href":"https:\/\/www.agema.fr\/es\/wp-json\/wp\/v2\/types\/page"}],"author":[{"embeddable":true,"href":"https:\/\/www.agema.fr\/es\/wp-json\/wp\/v2\/users\/12"}],"replies":[{"embeddable":true,"href":"https:\/\/www.agema.fr\/es\/wp-json\/wp\/v2\/comments?post=5057"}],"version-history":[{"count":13,"href":"https:\/\/www.agema.fr\/es\/wp-json\/wp\/v2\/pages\/5057\/revisions"}],"predecessor-version":[{"id":5836,"href":"https:\/\/www.agema.fr\/es\/wp-json\/wp\/v2\/pages\/5057\/revisions\/5836"}],"up":[{"embeddable":true,"href":"https:\/\/www.agema.fr\/es\/wp-json\/wp\/v2\/pages\/33"}],"wp:attachment":[{"href":"https:\/\/www.agema.fr\/es\/wp-json\/wp\/v2\/media?parent=5057"}],"curies":[{"name":"wp","href":"https:\/\/api.w.org\/{rel}","templated":true}]}}