{"id":3,"date":"2022-03-29T14:34:02","date_gmt":"2022-03-29T12:34:02","guid":{"rendered":"http:\/\/wp-test.sevengroup.fr\/?page_id=3"},"modified":"2025-12-02T15:39:50","modified_gmt":"2025-12-02T14:39:50","slug":"politique-de-confidentialite","status":"publish","type":"page","link":"https:\/\/www.agema.fr\/fr\/politique-de-confidentialite\/","title":{"rendered":"Mentions l\u00e9gales &#038; politique de confidentialit\u00e9"},"content":{"rendered":"\t\t<div data-elementor-type=\"wp-page\" data-elementor-id=\"3\" class=\"elementor elementor-3\" data-elementor-post-type=\"page\">\n\t\t\t\t\t\t<section class=\"elementor-section elementor-top-section elementor-element elementor-element-43369e74 elementor-section-boxed elementor-section-height-default elementor-section-height-default\" data-id=\"43369e74\" data-element_type=\"section\" data-e-type=\"section\">\n\t\t\t\t\t\t<div class=\"elementor-container elementor-column-gap-default\">\n\t\t\t\t\t<div class=\"elementor-column elementor-col-100 elementor-top-column elementor-element elementor-element-1c7346af\" data-id=\"1c7346af\" data-element_type=\"column\" data-e-type=\"column\">\n\t\t\t<div class=\"elementor-widget-wrap elementor-element-populated\">\n\t\t\t\t\t\t<div class=\"elementor-element elementor-element-99199eb elementor-invisible elementor-widget elementor-widget-heading\" data-id=\"99199eb\" data-element_type=\"widget\" data-e-type=\"widget\" data-settings=\"{&quot;_animation&quot;:&quot;fadeInUp&quot;}\" data-widget_type=\"heading.default\">\n\t\t\t\t<div class=\"elementor-widget-container\">\n\t\t\t\t\t<h1 class=\"elementor-heading-title elementor-size-default\">Mentions L\u00e9gales<\/h1>\t\t\t\t<\/div>\n\t\t\t\t<\/div>\n\t\t\t\t<div class=\"elementor-element elementor-element-49ee1ba elementor-widget elementor-widget-text-editor\" data-id=\"49ee1ba\" data-element_type=\"widget\" data-e-type=\"widget\" data-widget_type=\"text-editor.default\">\n\t\t\t\t<div class=\"elementor-widget-container\">\n\t\t\t\t\t\t\t\t\t<p>En vertu de l\u2019article 6 de la Loi n\u00b0 2004-575 du 21 juin 2004 pour la confiance dans l\u2019\u00e9conomie num\u00e9rique, il est pr\u00e9cis\u00e9 aux utilisateurs du pr\u00e9sent site internet AGEMA , les mentions l\u00e9gales suivantes :<\/p>\t\t\t\t\t\t\t\t<\/div>\n\t\t\t\t<\/div>\n\t\t\t\t<div class=\"elementor-element elementor-element-88eacc8 elementor-widget elementor-widget-heading\" data-id=\"88eacc8\" data-element_type=\"widget\" data-e-type=\"widget\" data-widget_type=\"heading.default\">\n\t\t\t\t<div class=\"elementor-widget-container\">\n\t\t\t\t\t<h2 class=\"elementor-heading-title elementor-size-default\">Editeur du site :<\/h2>\t\t\t\t<\/div>\n\t\t\t\t<\/div>\n\t\t\t\t<div class=\"elementor-element elementor-element-71c6324 elementor-widget elementor-widget-text-editor\" data-id=\"71c6324\" data-element_type=\"widget\" data-e-type=\"widget\" data-widget_type=\"text-editor.default\">\n\t\t\t\t<div class=\"elementor-widget-container\">\n\t\t\t\t\t\t\t\t\t<p>SAS AGEMA, Soci\u00e9t\u00e9 par Actions Simplifi\u00e9e au capital de 3\u00a0000\u00a0000 \u20ac<\/p><p>Immatricul\u00e9e au RCS de P\u00e9rigueux sous le num\u00e9ro 342\u00a0027 406<\/p><p>Si\u00e8ge social : AGEMA &#8211; ZAE Landry 2 &#8211; 2 Rue Alfred Nobel &#8211; 24755 Boulazac-Isle-Manoire<\/p><p>T\u00e9l\u00e9phone : <span style=\"text-decoration: underline;\"><span style=\"color: #000000;\"><a style=\"color: #000000; text-decoration: underline;\" href=\"tel:0553038000\" data-wplink-edit=\"true\">05 53 03 80 00<\/a><\/span><\/span><\/p><p>Repr\u00e9sentant l\u00e9gal\u00a0: Monsieur Francis ROUX, Pr\u00e9sident du Conseil d\u2019Administration<\/p><p>Directeur de la publication : J\u00e9r\u00f4me LESTARQUIT \u2013 Directeur de la communication du groupe SEVEN<\/p><p>Courriel\u00a0: \u00a0<span style=\"text-decoration: underline;\"><span style=\"color: #000000;\"><a style=\"color: #000000; text-decoration: underline;\" href=\"mailto:communication@sevengroup.fr\">communication@sevengroup.fr<\/a><\/span><\/span><\/p>\t\t\t\t\t\t\t\t<\/div>\n\t\t\t\t<\/div>\n\t\t\t\t<div class=\"elementor-element elementor-element-953d084 elementor-widget elementor-widget-heading\" data-id=\"953d084\" data-element_type=\"widget\" data-e-type=\"widget\" data-widget_type=\"heading.default\">\n\t\t\t\t<div class=\"elementor-widget-container\">\n\t\t\t\t\t<h2 class=\"elementor-heading-title elementor-size-default\">H\u00e9bergeur :<\/h2>\t\t\t\t<\/div>\n\t\t\t\t<\/div>\n\t\t\t\t<div class=\"elementor-element elementor-element-1c89741 elementor-widget elementor-widget-text-editor\" data-id=\"1c89741\" data-element_type=\"widget\" data-e-type=\"widget\" data-widget_type=\"text-editor.default\">\n\t\t\t\t<div class=\"elementor-widget-container\">\n\t\t\t\t\t\t\t\t\t<p>SAS AGEMA, Soci\u00e9t\u00e9 par Actions Simplifi\u00e9e au capital de 3\u00a0000\u00a0000 \u20ac<\/p><p>Immatricul\u00e9e au RCS de P\u00e9rigueux sous le num\u00e9ro 342\u00a0027 406<\/p><p>Si\u00e8ge social : AGEMA &#8211; ZAE Landry 2 &#8211; 2 Rue Alfred Nobel &#8211; 24755 Boulazac-Isle-Manoire<\/p><p>Repr\u00e9sentant l\u00e9gal\u00a0: SA SEVEN, Pr\u00e9sident<\/p><p>T\u00e9l\u00e9phone\u00a0: <span style=\"text-decoration: underline; color: #000000;\"><a style=\"color: #000000; text-decoration: underline;\" href=\"tel:0553038000\">05 53 03 80 00<\/a><\/span><\/p>\t\t\t\t\t\t\t\t<\/div>\n\t\t\t\t<\/div>\n\t\t\t\t<div class=\"elementor-element elementor-element-6f8f7e2 elementor-widget elementor-widget-heading\" data-id=\"6f8f7e2\" data-element_type=\"widget\" data-e-type=\"widget\" data-widget_type=\"heading.default\">\n\t\t\t\t<div class=\"elementor-widget-container\">\n\t\t\t\t\t<h2 class=\"elementor-heading-title elementor-size-default\">Contenu du site :<\/h2>\t\t\t\t<\/div>\n\t\t\t\t<\/div>\n\t\t\t\t<div class=\"elementor-element elementor-element-743dd3f elementor-widget elementor-widget-text-editor\" data-id=\"743dd3f\" data-element_type=\"widget\" data-e-type=\"widget\" data-widget_type=\"text-editor.default\">\n\t\t\t\t<div class=\"elementor-widget-container\">\n\t\t\t\t\t\t\t\t\t<p>AGEMA met tout en \u0153uvre pour assurer la s\u00e9curit\u00e9 du Site.<\/p><p>Toutefois, les informations contenues sur le Site sont fournies \u00e0 titre purement informatif. AGEMA s\u2019efforce de maintenir l\u2019exactitude des informations du Site et de maintenir le Site \u00e0 jour sans aucune autre garantie.<\/p><p>Par cons\u00e9quent, AGEMA d\u00e9cline toute responsabilit\u00e9 pour tout dommage r\u00e9sultant notamment d\u2019une impr\u00e9cision ou d\u2019une inexactitude des informations disponibles sur le Site ou pour toute atteinte r\u00e9sultant de l\u2019introduction par un tiers de donn\u00e9es erron\u00e9es ou ind\u00e9sirables sur le Site.<\/p><p>Tout t\u00e9l\u00e9chargement de contenu \u00e0 partir du Site se fait aux risques et p\u00e9rils de l\u2019utilisateur et sous sa seule responsabilit\u00e9.<\/p><p>De m\u00eame, la responsabilit\u00e9 de AGEMA ne saurait \u00eatre retenue en cas de dommage ou virus pouvant endommager ou rendre inutilisable l\u2019\u00e9quipement du mat\u00e9riel informatique de l\u2019utilisateur suite \u00e0 la visite du Site malgr\u00e9 les actions de s\u00e9curisation mises en place. L\u2019utilisateur s\u2019engage \u00e0 acc\u00e9der au site \u00e0 l\u2019aide d\u2019un \u00e9quipement r\u00e9cent, ne contenant aucun virus, et dot\u00e9 d\u2019un navigateur \u00e0 jour.<\/p><p>Des liens hypertexte sont pr\u00e9sents sur le Site afin de faciliter l\u2019acc\u00e8s \u00e0 d\u2019autres sites. N\u00e9anmoins, AGEMA d\u00e9cline toute responsabilit\u00e9 relative \u00e0 l\u2019utilisation ou au contenu d\u2019un site tiers auquel un utilisateur aurait eu acc\u00e8s via le Site.<\/p>\t\t\t\t\t\t\t\t<\/div>\n\t\t\t\t<\/div>\n\t\t\t\t<div class=\"elementor-element elementor-element-75a385a elementor-widget elementor-widget-heading\" data-id=\"75a385a\" data-element_type=\"widget\" data-e-type=\"widget\" data-widget_type=\"heading.default\">\n\t\t\t\t<div class=\"elementor-widget-container\">\n\t\t\t\t\t<h2 class=\"elementor-heading-title elementor-size-default\">Propri\u00e9t\u00e9 intellectuelle :<\/h2>\t\t\t\t<\/div>\n\t\t\t\t<\/div>\n\t\t\t\t<div class=\"elementor-element elementor-element-364764f elementor-widget elementor-widget-text-editor\" data-id=\"364764f\" data-element_type=\"widget\" data-e-type=\"widget\" data-widget_type=\"text-editor.default\">\n\t\t\t\t<div class=\"elementor-widget-container\">\n\t\t\t\t\t\t\t\t\t<p>Toute reproduction, repr\u00e9sentation, modification, publication, adaptation de tout ou partie des \u00e9l\u00e9ments du Site, quel que soit le moyen ou le proc\u00e9d\u00e9 utilis\u00e9, est interdite, sauf autorisation \u00e9crite pr\u00e9alable de AGEMA.<\/p><p>Toute exploitation non autoris\u00e9e du Site ou de l\u2019un quelconque des \u00e9l\u00e9ments qu\u2019il contient sera susceptible de poursuites judiciaires.<\/p>\t\t\t\t\t\t\t\t<\/div>\n\t\t\t\t<\/div>\n\t\t\t\t<div class=\"elementor-element elementor-element-f5b8b47 elementor-widget elementor-widget-heading\" data-id=\"f5b8b47\" data-element_type=\"widget\" data-e-type=\"widget\" data-widget_type=\"heading.default\">\n\t\t\t\t<div class=\"elementor-widget-container\">\n\t\t\t\t\t<h2 class=\"elementor-heading-title elementor-size-default\">Protection des donn\u00e9es personnelles :<\/h2>\t\t\t\t<\/div>\n\t\t\t\t<\/div>\n\t\t\t\t<div class=\"elementor-element elementor-element-f8d8f70 elementor-widget elementor-widget-text-editor\" data-id=\"f8d8f70\" data-element_type=\"widget\" data-e-type=\"widget\" data-widget_type=\"text-editor.default\">\n\t\t\t\t<div class=\"elementor-widget-container\">\n\t\t\t\t\t\t\t\t\t<p>Conform\u00e9ment \u00e0 la loi 78-17 du 6 janvier 1978 (modifi\u00e9e par la loi 2004-801 du 6 ao\u00fbt 2004 relative \u00e0 la protection des personnes physiques \u00e0 l\u2019\u00e9gard des traitements de donn\u00e9es \u00e0 caract\u00e8re personnel), tout utilisateur du Site dispose d\u2019un droit d\u2019acc\u00e8s, de modification, de rectification et de suppression des donn\u00e9es \u00e0 caract\u00e8re personnel collect\u00e9es, ainsi qu\u2019un droit d\u2019opposition qu\u2019il peut exercer en nous contactant : <span style=\"text-decoration: underline;\"><span style=\"color: #000000;\"><a style=\"color: #000000; text-decoration: underline;\" href=\"mailto:communication@sevengroup.fr\">communication@sevengroup.fr<\/a><\/span><\/span><\/p>\n<p>L\u2019utilisateur peut aussi d\u00e9poser une plainte aupr\u00e8s de la cnil sur le site&nbsp;: https:\/\/www.cnil.fr\/<\/p>\n<p>Certaines donn\u00e9es personnelles peuvent \u00eatre recueillies et enregistr\u00e9es sur des&nbsp;fichiers&nbsp;informatis\u00e9s lorsque l\u2019utilisateur concern\u00e9 fournit volontairement ces informations en remplissant un formulaire en ligne.<\/p>\n<p>Ces donn\u00e9es sont conserv\u00e9es pendant 13 mois.<\/p>\t\t\t\t\t\t\t\t<\/div>\n\t\t\t\t<\/div>\n\t\t\t\t<div class=\"elementor-element elementor-element-d97641d elementor-widget elementor-widget-heading\" data-id=\"d97641d\" data-element_type=\"widget\" data-e-type=\"widget\" data-widget_type=\"heading.default\">\n\t\t\t\t<div class=\"elementor-widget-container\">\n\t\t\t\t\t<h2 class=\"elementor-heading-title elementor-size-default\">Cookies :<\/h2>\t\t\t\t<\/div>\n\t\t\t\t<\/div>\n\t\t\t\t<div class=\"elementor-element elementor-element-23ce3ef elementor-widget elementor-widget-text-editor\" data-id=\"23ce3ef\" data-element_type=\"widget\" data-e-type=\"widget\" data-widget_type=\"text-editor.default\">\n\t\t\t\t<div class=\"elementor-widget-container\">\n\t\t\t\t\t\t\t\t\t<p>Afin d\u2019am\u00e9liorer la navigation sur le Site, AGEMA recueille au cours de la visite certaines donn\u00e9es via le d\u00e9p\u00f4t et la lecture de traceurs appel\u00e9s \u00ab cookies \u00bb install\u00e9s sur l\u2019ordinateur de l\u2019utilisateur.<\/p><p>Un \u00ab cookie \u00bb est un fichier de petite taille qui enregistre des informations relatives \u00e0 la navigation d\u2019un utilisateur sur un site. Les donn\u00e9es ainsi obtenues permettent d\u2019obtenir des mesures de fr\u00e9quentation, par exemple.<\/p><p>Chaque utilisateur a la possibilit\u00e9 d\u2019accepter ou de refuser les cookies en modifiant le param\u00e9trage de son navigateur.<\/p>\t\t\t\t\t\t\t\t<\/div>\n\t\t\t\t<\/div>\n\t\t\t\t<div class=\"elementor-element elementor-element-2e241dd elementor-widget elementor-widget-heading\" data-id=\"2e241dd\" data-element_type=\"widget\" data-e-type=\"widget\" data-widget_type=\"heading.default\">\n\t\t\t\t<div class=\"elementor-widget-container\">\n\t\t\t\t\t<h2 class=\"elementor-heading-title elementor-size-default\">Droit applicable :<\/h2>\t\t\t\t<\/div>\n\t\t\t\t<\/div>\n\t\t\t\t<div class=\"elementor-element elementor-element-031808c elementor-widget elementor-widget-text-editor\" data-id=\"031808c\" data-element_type=\"widget\" data-e-type=\"widget\" data-widget_type=\"text-editor.default\">\n\t\t\t\t<div class=\"elementor-widget-container\">\n\t\t\t\t\t\t\t\t\t<p>Tout litige en relation avec l\u2019utilisation du Site est soumis au droit fran\u00e7ais.<\/p>\t\t\t\t\t\t\t\t<\/div>\n\t\t\t\t<\/div>\n\t\t\t\t\t<\/div>\n\t\t<\/div>\n\t\t\t\t\t<\/div>\n\t\t<\/section>\n\t\t\t\t<\/div>\n\t\t","protected":false},"excerpt":{"rendered":"<p>Mentions L\u00e9gales En vertu de l\u2019article 6 de la Loi n\u00b0 2004-575 du 21 juin 2004 pour la confiance dans l\u2019\u00e9conomie num\u00e9rique, il est pr\u00e9cis\u00e9 aux utilisateurs du pr\u00e9sent site internet AGEMA , les mentions l\u00e9gales suivantes : Editeur du site : SAS AGEMA, Soci\u00e9t\u00e9 par Actions Simplifi\u00e9e au capital de 3\u00a0000\u00a0000 \u20ac Immatricul\u00e9e au [&hellip;]<\/p>\n","protected":false},"author":1,"featured_media":0,"parent":0,"menu_order":0,"comment_status":"closed","ping_status":"open","template":"","meta":{"footnotes":""},"class_list":["post-3","page","type-page","status-publish","hentry"],"_links":{"self":[{"href":"https:\/\/www.agema.fr\/fr\/wp-json\/wp\/v2\/pages\/3","targetHints":{"allow":["GET"]}}],"collection":[{"href":"https:\/\/www.agema.fr\/fr\/wp-json\/wp\/v2\/pages"}],"about":[{"href":"https:\/\/www.agema.fr\/fr\/wp-json\/wp\/v2\/types\/page"}],"author":[{"embeddable":true,"href":"https:\/\/www.agema.fr\/fr\/wp-json\/wp\/v2\/users\/1"}],"replies":[{"embeddable":true,"href":"https:\/\/www.agema.fr\/fr\/wp-json\/wp\/v2\/comments?post=3"}],"version-history":[{"count":46,"href":"https:\/\/www.agema.fr\/fr\/wp-json\/wp\/v2\/pages\/3\/revisions"}],"predecessor-version":[{"id":7628,"href":"https:\/\/www.agema.fr\/fr\/wp-json\/wp\/v2\/pages\/3\/revisions\/7628"}],"wp:attachment":[{"href":"https:\/\/www.agema.fr\/fr\/wp-json\/wp\/v2\/media?parent=3"}],"curies":[{"name":"wp","href":"https:\/\/api.w.org\/{rel}","templated":true}]}}