{"id":486,"date":"2022-05-07T13:07:31","date_gmt":"2022-05-07T11:07:31","guid":{"rendered":"https:\/\/wp-test.sevengroup.fr\/?page_id=486"},"modified":"2023-03-20T11:53:24","modified_gmt":"2023-03-20T10:53:24","slug":"valeurs","status":"publish","type":"page","link":"https:\/\/www.agema.fr\/fr\/valeurs\/","title":{"rendered":"Valeurs"},"content":{"rendered":"\t\t<div data-elementor-type=\"wp-page\" data-elementor-id=\"486\" class=\"elementor elementor-486\" data-elementor-post-type=\"page\">\n\t\t\t\t\t\t<section class=\"elementor-section elementor-top-section elementor-element elementor-element-86b46f6 elementor-section-boxed elementor-section-height-default elementor-section-height-default\" data-id=\"86b46f6\" data-element_type=\"section\" data-e-type=\"section\" data-settings=\"{&quot;background_background&quot;:&quot;classic&quot;}\">\n\t\t\t\t\t\t\t<div class=\"elementor-background-overlay\"><\/div>\n\t\t\t\t\t\t\t<div class=\"elementor-container elementor-column-gap-default\">\n\t\t\t\t\t<div class=\"elementor-column elementor-col-100 elementor-top-column elementor-element elementor-element-a2ac168\" data-id=\"a2ac168\" data-element_type=\"column\" data-e-type=\"column\" data-settings=\"{&quot;motion_fx_motion_fx_scrolling&quot;:&quot;yes&quot;,&quot;motion_fx_devices&quot;:[&quot;desktop&quot;,&quot;tablet&quot;,&quot;mobile&quot;]}\">\n\t\t\t<div class=\"elementor-widget-wrap elementor-element-populated\">\n\t\t\t\t\t\t<div class=\"elementor-element elementor-element-d2f64c8 elementor-widget__width-initial elementor-widget elementor-widget-image\" data-id=\"d2f64c8\" data-element_type=\"widget\" data-e-type=\"widget\" data-widget_type=\"image.default\">\n\t\t\t\t<div class=\"elementor-widget-container\">\n\t\t\t\t\t\t\t\t\t\t\t\t\t\t\t<img decoding=\"async\" src=\"https:\/\/www.agema.fr\/wp-content\/uploads\/2022\/04\/favicon-agema.jpg\" title=\"favicon-agema\" alt=\"favicon-agema\" loading=\"lazy\" \/>\t\t\t\t\t\t\t\t\t\t\t\t\t\t\t<\/div>\n\t\t\t\t<\/div>\n\t\t\t\t<div class=\"elementor-element elementor-element-668bb74 elementor-widget__width-auto animated-slow elementor-invisible elementor-widget elementor-widget-heading\" data-id=\"668bb74\" data-element_type=\"widget\" data-e-type=\"widget\" data-settings=\"{&quot;_animation&quot;:&quot;fadeInUp&quot;}\" data-widget_type=\"heading.default\">\n\t\t\t\t<div class=\"elementor-widget-container\">\n\t\t\t\t\t<h1 class=\"elementor-heading-title elementor-size-default\">Nos valeurs<\/h1>\t\t\t\t<\/div>\n\t\t\t\t<\/div>\n\t\t\t\t\t<\/div>\n\t\t<\/div>\n\t\t\t\t\t<\/div>\n\t\t<\/section>\n\t\t\t\t<section class=\"elementor-section elementor-top-section elementor-element elementor-element-42d937d elementor-hidden-mobile elementor-section-boxed elementor-section-height-default elementor-section-height-default\" data-id=\"42d937d\" data-element_type=\"section\" data-e-type=\"section\">\n\t\t\t\t\t\t<div class=\"elementor-container elementor-column-gap-default\">\n\t\t\t\t\t<div class=\"elementor-column elementor-col-100 elementor-top-column elementor-element elementor-element-93d2e98\" data-id=\"93d2e98\" data-element_type=\"column\" data-e-type=\"column\">\n\t\t\t<div class=\"elementor-widget-wrap\">\n\t\t\t\t\t\t\t<\/div>\n\t\t<\/div>\n\t\t\t\t\t<\/div>\n\t\t<\/section>\n\t\t\t\t<section class=\"elementor-section elementor-top-section elementor-element elementor-element-38473cb elementor-section-boxed elementor-section-height-default elementor-section-height-default\" data-id=\"38473cb\" data-element_type=\"section\" data-e-type=\"section\">\n\t\t\t\t\t\t<div class=\"elementor-container elementor-column-gap-default\">\n\t\t\t\t\t<div class=\"elementor-column elementor-col-100 elementor-top-column elementor-element elementor-element-89191dd\" data-id=\"89191dd\" data-element_type=\"column\" data-e-type=\"column\">\n\t\t\t<div class=\"elementor-widget-wrap elementor-element-populated\">\n\t\t\t\t\t\t<section class=\"elementor-section elementor-inner-section elementor-element elementor-element-d28ad5e elementor-section-content-middle elementor-section-boxed elementor-section-height-default elementor-section-height-default\" data-id=\"d28ad5e\" data-element_type=\"section\" data-e-type=\"section\">\n\t\t\t\t\t\t<div class=\"elementor-container elementor-column-gap-default\">\n\t\t\t\t\t<div class=\"elementor-column elementor-col-50 elementor-inner-column elementor-element elementor-element-be5f003\" data-id=\"be5f003\" data-element_type=\"column\" data-e-type=\"column\">\n\t\t\t<div class=\"elementor-widget-wrap elementor-element-populated\">\n\t\t\t\t\t\t<div class=\"elementor-element elementor-element-db982bd elementor-widget__width-auto elementor-widget elementor-widget-image\" data-id=\"db982bd\" data-element_type=\"widget\" data-e-type=\"widget\" data-widget_type=\"image.default\">\n\t\t\t\t<div class=\"elementor-widget-container\">\n\t\t\t\t\t\t\t\t\t\t\t\t\t\t\t<img fetchpriority=\"high\" decoding=\"async\" width=\"600\" height=\"682\" src=\"https:\/\/www.agema.fr\/wp-content\/uploads\/2022\/05\/Fichier-10.png\" class=\"attachment-large size-large wp-image-691\" alt=\"\" srcset=\"https:\/\/www.agema.fr\/wp-content\/uploads\/2022\/05\/Fichier-10.png 600w, https:\/\/www.agema.fr\/wp-content\/uploads\/2022\/05\/Fichier-10-264x300.png 264w\" sizes=\"(max-width: 600px) 100vw, 600px\" \/>\t\t\t\t\t\t\t\t\t\t\t\t\t\t\t<\/div>\n\t\t\t\t<\/div>\n\t\t\t\t<div class=\"elementor-element elementor-element-0cbff27 elementor-widget__width-auto elementor-widget elementor-widget-heading\" data-id=\"0cbff27\" data-element_type=\"widget\" data-e-type=\"widget\" data-widget_type=\"heading.default\">\n\t\t\t\t<div class=\"elementor-widget-container\">\n\t\t\t\t\t<h2 class=\"elementor-heading-title elementor-size-default\">Agilit\u00e9<\/h2>\t\t\t\t<\/div>\n\t\t\t\t<\/div>\n\t\t\t\t<div class=\"elementor-element elementor-element-580bdae elementor-widget elementor-widget-text-editor\" data-id=\"580bdae\" data-element_type=\"widget\" data-e-type=\"widget\" data-widget_type=\"text-editor.default\">\n\t\t\t\t<div class=\"elementor-widget-container\">\n\t\t\t\t\t\t\t\t\tInnovation et adaptation sont des notions qui animent nos \u00e9quipes pendant toute la dur\u00e9e de votre projet.\t\t\t\t\t\t\t\t<\/div>\n\t\t\t\t<\/div>\n\t\t\t\t\t<\/div>\n\t\t<\/div>\n\t\t\t\t<div class=\"elementor-column elementor-col-50 elementor-inner-column elementor-element elementor-element-6641fb7\" data-id=\"6641fb7\" data-element_type=\"column\" data-e-type=\"column\">\n\t\t\t<div class=\"elementor-widget-wrap elementor-element-populated\">\n\t\t\t\t\t\t<div class=\"elementor-element elementor-element-23fa0d9 animated-slow elementor-invisible elementor-widget elementor-widget-image\" data-id=\"23fa0d9\" data-element_type=\"widget\" data-e-type=\"widget\" data-settings=\"{&quot;_animation&quot;:&quot;fadeInRight&quot;}\" data-widget_type=\"image.default\">\n\t\t\t\t<div class=\"elementor-widget-container\">\n\t\t\t\t\t\t\t\t\t\t\t\t\t\t\t<img decoding=\"async\" width=\"800\" height=\"499\" src=\"https:\/\/www.agema.fr\/wp-content\/uploads\/2023\/01\/agilite_agema.jpg\" class=\"attachment-large size-large wp-image-2971\" alt=\"\" srcset=\"https:\/\/www.agema.fr\/wp-content\/uploads\/2023\/01\/agilite_agema.jpg 900w, https:\/\/www.agema.fr\/wp-content\/uploads\/2023\/01\/agilite_agema-300x187.jpg 300w, https:\/\/www.agema.fr\/wp-content\/uploads\/2023\/01\/agilite_agema-768x479.jpg 768w\" sizes=\"(max-width: 800px) 100vw, 800px\" \/>\t\t\t\t\t\t\t\t\t\t\t\t\t\t\t<\/div>\n\t\t\t\t<\/div>\n\t\t\t\t\t<\/div>\n\t\t<\/div>\n\t\t\t\t\t<\/div>\n\t\t<\/section>\n\t\t\t\t<section class=\"elementor-section elementor-inner-section elementor-element elementor-element-8bfa042 elementor-section-content-middle elementor-reverse-mobile elementor-section-boxed elementor-section-height-default elementor-section-height-default\" data-id=\"8bfa042\" data-element_type=\"section\" data-e-type=\"section\">\n\t\t\t\t\t\t<div class=\"elementor-container elementor-column-gap-default\">\n\t\t\t\t\t<div class=\"elementor-column elementor-col-50 elementor-inner-column elementor-element elementor-element-279ef7a\" data-id=\"279ef7a\" data-element_type=\"column\" data-e-type=\"column\">\n\t\t\t<div class=\"elementor-widget-wrap elementor-element-populated\">\n\t\t\t\t\t\t<div class=\"elementor-element elementor-element-126b8da animated-slow elementor-invisible elementor-widget elementor-widget-image\" data-id=\"126b8da\" data-element_type=\"widget\" data-e-type=\"widget\" data-settings=\"{&quot;_animation&quot;:&quot;fadeInLeft&quot;}\" data-widget_type=\"image.default\">\n\t\t\t\t<div class=\"elementor-widget-container\">\n\t\t\t\t\t\t\t\t\t\t\t\t\t\t\t<img decoding=\"async\" width=\"800\" height=\"499\" src=\"https:\/\/www.agema.fr\/wp-content\/uploads\/2023\/01\/expertise_agema.jpg\" class=\"attachment-large size-large wp-image-2972\" alt=\"\" srcset=\"https:\/\/www.agema.fr\/wp-content\/uploads\/2023\/01\/expertise_agema.jpg 900w, https:\/\/www.agema.fr\/wp-content\/uploads\/2023\/01\/expertise_agema-300x187.jpg 300w, https:\/\/www.agema.fr\/wp-content\/uploads\/2023\/01\/expertise_agema-768x479.jpg 768w\" sizes=\"(max-width: 800px) 100vw, 800px\" \/>\t\t\t\t\t\t\t\t\t\t\t\t\t\t\t<\/div>\n\t\t\t\t<\/div>\n\t\t\t\t\t<\/div>\n\t\t<\/div>\n\t\t\t\t<div class=\"elementor-column elementor-col-50 elementor-inner-column elementor-element elementor-element-0205463\" data-id=\"0205463\" data-element_type=\"column\" data-e-type=\"column\">\n\t\t\t<div class=\"elementor-widget-wrap elementor-element-populated\">\n\t\t\t\t\t\t<div class=\"elementor-element elementor-element-8568115 elementor-widget__width-auto elementor-widget elementor-widget-image\" data-id=\"8568115\" data-element_type=\"widget\" data-e-type=\"widget\" data-widget_type=\"image.default\">\n\t\t\t\t<div class=\"elementor-widget-container\">\n\t\t\t\t\t\t\t\t\t\t\t\t\t\t\t<img loading=\"lazy\" decoding=\"async\" width=\"600\" height=\"536\" src=\"https:\/\/www.agema.fr\/wp-content\/uploads\/2022\/05\/Fichier-11.png\" class=\"attachment-large size-large wp-image-692\" alt=\"\" srcset=\"https:\/\/www.agema.fr\/wp-content\/uploads\/2022\/05\/Fichier-11.png 600w, https:\/\/www.agema.fr\/wp-content\/uploads\/2022\/05\/Fichier-11-300x268.png 300w\" sizes=\"(max-width: 600px) 100vw, 600px\" \/>\t\t\t\t\t\t\t\t\t\t\t\t\t\t\t<\/div>\n\t\t\t\t<\/div>\n\t\t\t\t<div class=\"elementor-element elementor-element-8c9a701 elementor-widget__width-auto elementor-widget elementor-widget-heading\" data-id=\"8c9a701\" data-element_type=\"widget\" data-e-type=\"widget\" data-widget_type=\"heading.default\">\n\t\t\t\t<div class=\"elementor-widget-container\">\n\t\t\t\t\t<h2 class=\"elementor-heading-title elementor-size-default\">Expertise<\/h2>\t\t\t\t<\/div>\n\t\t\t\t<\/div>\n\t\t\t\t<div class=\"elementor-element elementor-element-adcf1a1 elementor-widget elementor-widget-text-editor\" data-id=\"adcf1a1\" data-element_type=\"widget\" data-e-type=\"widget\" data-widget_type=\"text-editor.default\">\n\t\t\t\t<div class=\"elementor-widget-container\">\n\t\t\t\t\t\t\t\t\tPour mener \u00e0 bien votre projet, nous f\u00e9d\u00e9rons des \u00e9quipes qualifi\u00e9es dans chaque domaine d&rsquo;expertise pour vous garantir des objectifs r\u00e9alisables.\t\t\t\t\t\t\t\t<\/div>\n\t\t\t\t<\/div>\n\t\t\t\t\t<\/div>\n\t\t<\/div>\n\t\t\t\t\t<\/div>\n\t\t<\/section>\n\t\t\t\t<section class=\"elementor-section elementor-inner-section elementor-element elementor-element-2f9237c elementor-section-content-middle elementor-section-boxed elementor-section-height-default elementor-section-height-default\" data-id=\"2f9237c\" data-element_type=\"section\" data-e-type=\"section\">\n\t\t\t\t\t\t<div class=\"elementor-container elementor-column-gap-default\">\n\t\t\t\t\t<div class=\"elementor-column elementor-col-50 elementor-inner-column elementor-element elementor-element-8ba85f1\" data-id=\"8ba85f1\" data-element_type=\"column\" data-e-type=\"column\">\n\t\t\t<div class=\"elementor-widget-wrap elementor-element-populated\">\n\t\t\t\t\t\t<div class=\"elementor-element elementor-element-3d42a88 elementor-widget__width-auto elementor-widget elementor-widget-image\" data-id=\"3d42a88\" data-element_type=\"widget\" data-e-type=\"widget\" data-widget_type=\"image.default\">\n\t\t\t\t<div class=\"elementor-widget-container\">\n\t\t\t\t\t\t\t\t\t\t\t\t\t\t\t<img loading=\"lazy\" decoding=\"async\" width=\"600\" height=\"599\" src=\"https:\/\/www.agema.fr\/wp-content\/uploads\/2022\/05\/Fichier-9.png\" class=\"attachment-large size-large wp-image-690\" alt=\"\" srcset=\"https:\/\/www.agema.fr\/wp-content\/uploads\/2022\/05\/Fichier-9.png 600w, https:\/\/www.agema.fr\/wp-content\/uploads\/2022\/05\/Fichier-9-300x300.png 300w, https:\/\/www.agema.fr\/wp-content\/uploads\/2022\/05\/Fichier-9-150x150.png 150w\" sizes=\"(max-width: 600px) 100vw, 600px\" \/>\t\t\t\t\t\t\t\t\t\t\t\t\t\t\t<\/div>\n\t\t\t\t<\/div>\n\t\t\t\t<div class=\"elementor-element elementor-element-36195e8 elementor-widget__width-auto elementor-widget elementor-widget-heading\" data-id=\"36195e8\" data-element_type=\"widget\" data-e-type=\"widget\" data-widget_type=\"heading.default\">\n\t\t\t\t<div class=\"elementor-widget-container\">\n\t\t\t\t\t<h2 class=\"elementor-heading-title elementor-size-default\">Flexibilit\u00e9<\/h2>\t\t\t\t<\/div>\n\t\t\t\t<\/div>\n\t\t\t\t<div class=\"elementor-element elementor-element-3730a78 elementor-widget elementor-widget-text-editor\" data-id=\"3730a78\" data-element_type=\"widget\" data-e-type=\"widget\" data-widget_type=\"text-editor.default\">\n\t\t\t\t<div class=\"elementor-widget-container\">\n\t\t\t\t\t\t\t\t\tNous ajustons le p\u00e9rim\u00e8tre de notre mission \u00e0 vos besoins : soit en vous accompagnant de la d\u00e9finition de votre projet jusqu&rsquo;\u00e0 sa r\u00e9alisation ou au contraire en vous assistant lors d&rsquo;\u00e9tapes cl\u00e9s pour garantir la qualit\u00e9 des ouvrages dans le d\u00e9lai imparti. Quelque soit notre implication nous serons toujours \u00e0 vos c\u00f4t\u00e9s jusqu&rsquo;\u00e0 la remise des cl\u00e9s.\t\t\t\t\t\t\t\t<\/div>\n\t\t\t\t<\/div>\n\t\t\t\t\t<\/div>\n\t\t<\/div>\n\t\t\t\t<div class=\"elementor-column elementor-col-50 elementor-inner-column elementor-element elementor-element-5c8b2a4\" data-id=\"5c8b2a4\" data-element_type=\"column\" data-e-type=\"column\">\n\t\t\t<div class=\"elementor-widget-wrap elementor-element-populated\">\n\t\t\t\t\t\t<div class=\"elementor-element elementor-element-6c0cb14 animated-slow elementor-invisible elementor-widget elementor-widget-image\" data-id=\"6c0cb14\" data-element_type=\"widget\" data-e-type=\"widget\" data-settings=\"{&quot;_animation&quot;:&quot;fadeInRight&quot;}\" data-widget_type=\"image.default\">\n\t\t\t\t<div class=\"elementor-widget-container\">\n\t\t\t\t\t\t\t\t\t\t\t\t\t\t\t<img loading=\"lazy\" decoding=\"async\" width=\"800\" height=\"499\" src=\"https:\/\/www.agema.fr\/wp-content\/uploads\/2023\/01\/flexibilite_agema.jpg\" class=\"attachment-large size-large wp-image-2973\" alt=\"\" srcset=\"https:\/\/www.agema.fr\/wp-content\/uploads\/2023\/01\/flexibilite_agema.jpg 900w, https:\/\/www.agema.fr\/wp-content\/uploads\/2023\/01\/flexibilite_agema-300x187.jpg 300w, https:\/\/www.agema.fr\/wp-content\/uploads\/2023\/01\/flexibilite_agema-768x479.jpg 768w\" sizes=\"(max-width: 800px) 100vw, 800px\" \/>\t\t\t\t\t\t\t\t\t\t\t\t\t\t\t<\/div>\n\t\t\t\t<\/div>\n\t\t\t\t\t<\/div>\n\t\t<\/div>\n\t\t\t\t\t<\/div>\n\t\t<\/section>\n\t\t\t\t\t<\/div>\n\t\t<\/div>\n\t\t\t\t\t<\/div>\n\t\t<\/section>\n\t\t\t\t<section class=\"elementor-section elementor-top-section elementor-element elementor-element-9e87979 elementor-section-boxed elementor-section-height-default elementor-section-height-default\" data-id=\"9e87979\" data-element_type=\"section\" data-e-type=\"section\">\n\t\t\t\t\t\t<div class=\"elementor-container elementor-column-gap-wide\">\n\t\t\t\t\t<div class=\"elementor-column elementor-col-50 elementor-top-column elementor-element elementor-element-e8de786 animated-slow elementor-invisible\" data-id=\"e8de786\" data-element_type=\"column\" data-e-type=\"column\" data-settings=\"{&quot;background_background&quot;:&quot;classic&quot;,&quot;animation&quot;:&quot;fadeInUp&quot;}\">\n\t\t\t<div class=\"elementor-widget-wrap elementor-element-populated\">\n\t\t\t\t\t\t<div class=\"elementor-element elementor-element-0940fa6 elementor-widget__width-auto elementor-widget elementor-widget-image\" data-id=\"0940fa6\" data-element_type=\"widget\" data-e-type=\"widget\" data-widget_type=\"image.default\">\n\t\t\t\t<div class=\"elementor-widget-container\">\n\t\t\t\t\t\t\t\t\t\t\t\t\t\t\t\t<a href=\"\/histoire\">\n\t\t\t\t\t\t\t<img loading=\"lazy\" decoding=\"async\" width=\"400\" height=\"400\" src=\"https:\/\/www.agema.fr\/wp-content\/uploads\/2022\/10\/picto-histoire.png\" class=\"attachment-large size-large wp-image-1930\" alt=\"\" srcset=\"https:\/\/www.agema.fr\/wp-content\/uploads\/2022\/10\/picto-histoire.png 400w, https:\/\/www.agema.fr\/wp-content\/uploads\/2022\/10\/picto-histoire-300x300.png 300w, https:\/\/www.agema.fr\/wp-content\/uploads\/2022\/10\/picto-histoire-150x150.png 150w\" sizes=\"(max-width: 400px) 100vw, 400px\" \/>\t\t\t\t\t\t\t\t<\/a>\n\t\t\t\t\t\t\t\t\t\t\t\t\t\t\t<\/div>\n\t\t\t\t<\/div>\n\t\t\t\t<div class=\"elementor-element elementor-element-e70e2ca elementor-widget__width-auto elementor-widget elementor-widget-heading\" data-id=\"e70e2ca\" data-element_type=\"widget\" data-e-type=\"widget\" data-widget_type=\"heading.default\">\n\t\t\t\t<div class=\"elementor-widget-container\">\n\t\t\t\t\t<h2 class=\"elementor-heading-title elementor-size-default\"><a href=\"\/histoire\">Histoire<\/a><\/h2>\t\t\t\t<\/div>\n\t\t\t\t<\/div>\n\t\t\t\t\t<\/div>\n\t\t<\/div>\n\t\t\t\t<div class=\"elementor-column elementor-col-50 elementor-top-column elementor-element elementor-element-cc33ef7 animated-slow elementor-invisible\" data-id=\"cc33ef7\" data-element_type=\"column\" data-e-type=\"column\" data-settings=\"{&quot;background_background&quot;:&quot;classic&quot;,&quot;animation&quot;:&quot;fadeInUp&quot;}\">\n\t\t\t<div class=\"elementor-widget-wrap elementor-element-populated\">\n\t\t\t\t\t\t<div class=\"elementor-element elementor-element-62450fe elementor-widget__width-auto elementor-widget elementor-widget-image\" data-id=\"62450fe\" data-element_type=\"widget\" data-e-type=\"widget\" data-widget_type=\"image.default\">\n\t\t\t\t<div class=\"elementor-widget-container\">\n\t\t\t\t\t\t\t\t\t\t\t\t\t\t\t\t<a href=\"\/chiffres-cles\">\n\t\t\t\t\t\t\t<img loading=\"lazy\" decoding=\"async\" width=\"1\" height=\"1\" src=\"https:\/\/www.agema.fr\/wp-content\/uploads\/2022\/05\/picto-chiffre-cles.svg\" class=\"attachment-large size-large wp-image-570\" alt=\"\" \/>\t\t\t\t\t\t\t\t<\/a>\n\t\t\t\t\t\t\t\t\t\t\t\t\t\t\t<\/div>\n\t\t\t\t<\/div>\n\t\t\t\t<div class=\"elementor-element elementor-element-d249bcd elementor-widget__width-auto elementor-widget elementor-widget-heading\" data-id=\"d249bcd\" data-element_type=\"widget\" data-e-type=\"widget\" data-widget_type=\"heading.default\">\n\t\t\t\t<div class=\"elementor-widget-container\">\n\t\t\t\t\t<h2 class=\"elementor-heading-title elementor-size-default\"><a href=\"\/chiffres-cles\">Chiffres cl\u00e9s<\/a><\/h2>\t\t\t\t<\/div>\n\t\t\t\t<\/div>\n\t\t\t\t\t<\/div>\n\t\t<\/div>\n\t\t\t\t\t<\/div>\n\t\t<\/section>\n\t\t\t\t<section class=\"elementor-section elementor-top-section elementor-element elementor-element-8ef2844 elementor-section-boxed elementor-section-height-default elementor-section-height-default\" data-id=\"8ef2844\" data-element_type=\"section\" data-e-type=\"section\">\n\t\t\t\t\t\t<div class=\"elementor-container elementor-column-gap-wide\">\n\t\t\t\t\t<div class=\"elementor-column elementor-col-50 elementor-top-column elementor-element elementor-element-7710a5d animated-slow elementor-invisible\" data-id=\"7710a5d\" data-element_type=\"column\" data-e-type=\"column\" data-settings=\"{&quot;background_background&quot;:&quot;classic&quot;,&quot;animation&quot;:&quot;fadeInUp&quot;}\">\n\t\t\t<div class=\"elementor-widget-wrap elementor-element-populated\">\n\t\t\t\t\t\t<div class=\"elementor-element elementor-element-4b80e4d elementor-widget__width-auto elementor-widget elementor-widget-image\" data-id=\"4b80e4d\" data-element_type=\"widget\" data-e-type=\"widget\" data-widget_type=\"image.default\">\n\t\t\t\t<div class=\"elementor-widget-container\">\n\t\t\t\t\t\t\t\t\t\t\t\t\t\t\t\t<a href=\"\/nos-implantations\">\n\t\t\t\t\t\t\t<img loading=\"lazy\" decoding=\"async\" width=\"400\" height=\"400\" src=\"https:\/\/www.agema.fr\/wp-content\/uploads\/2022\/10\/implantations.png\" class=\"attachment-large size-large wp-image-1878\" alt=\"\" srcset=\"https:\/\/www.agema.fr\/wp-content\/uploads\/2022\/10\/implantations.png 400w, https:\/\/www.agema.fr\/wp-content\/uploads\/2022\/10\/implantations-300x300.png 300w, https:\/\/www.agema.fr\/wp-content\/uploads\/2022\/10\/implantations-150x150.png 150w\" sizes=\"(max-width: 400px) 100vw, 400px\" \/>\t\t\t\t\t\t\t\t<\/a>\n\t\t\t\t\t\t\t\t\t\t\t\t\t\t\t<\/div>\n\t\t\t\t<\/div>\n\t\t\t\t<div class=\"elementor-element elementor-element-110dbeb elementor-widget__width-auto elementor-widget elementor-widget-heading\" data-id=\"110dbeb\" data-element_type=\"widget\" data-e-type=\"widget\" data-widget_type=\"heading.default\">\n\t\t\t\t<div class=\"elementor-widget-container\">\n\t\t\t\t\t<h2 class=\"elementor-heading-title elementor-size-default\"><a href=\"\/nos-implantations\">Implantations<\/a><\/h2>\t\t\t\t<\/div>\n\t\t\t\t<\/div>\n\t\t\t\t\t<\/div>\n\t\t<\/div>\n\t\t\t\t<div class=\"elementor-column elementor-col-50 elementor-top-column elementor-element elementor-element-0ebb1ec animated-slow elementor-invisible\" data-id=\"0ebb1ec\" data-element_type=\"column\" data-e-type=\"column\" data-settings=\"{&quot;background_background&quot;:&quot;classic&quot;,&quot;animation&quot;:&quot;fadeInUp&quot;}\">\n\t\t\t<div class=\"elementor-widget-wrap elementor-element-populated\">\n\t\t\t\t\t\t<div class=\"elementor-element elementor-element-3486cf6 elementor-widget__width-auto elementor-widget elementor-widget-image\" data-id=\"3486cf6\" data-element_type=\"widget\" data-e-type=\"widget\" data-widget_type=\"image.default\">\n\t\t\t\t<div class=\"elementor-widget-container\">\n\t\t\t\t\t\t\t\t\t\t\t\t\t\t\t\t<a href=\"\/le-groupe-seven\">\n\t\t\t\t\t\t\t<img loading=\"lazy\" decoding=\"async\" width=\"1\" height=\"1\" src=\"https:\/\/www.agema.fr\/wp-content\/uploads\/2022\/06\/Picto-groupe-agema.svg\" class=\"attachment-large size-large wp-image-1115\" alt=\"\" \/>\t\t\t\t\t\t\t\t<\/a>\n\t\t\t\t\t\t\t\t\t\t\t\t\t\t\t<\/div>\n\t\t\t\t<\/div>\n\t\t\t\t<div class=\"elementor-element elementor-element-8bbb586 elementor-widget__width-auto elementor-widget elementor-widget-heading\" data-id=\"8bbb586\" data-element_type=\"widget\" data-e-type=\"widget\" data-widget_type=\"heading.default\">\n\t\t\t\t<div class=\"elementor-widget-container\">\n\t\t\t\t\t<h2 class=\"elementor-heading-title elementor-size-default\"><a href=\"\/le-groupe-seven\">Le Groupe Seven<\/a><\/h2>\t\t\t\t<\/div>\n\t\t\t\t<\/div>\n\t\t\t\t\t<\/div>\n\t\t<\/div>\n\t\t\t\t\t<\/div>\n\t\t<\/section>\n\t\t\t\t<\/div>\n\t\t","protected":false},"excerpt":{"rendered":"<p>Nos valeurs Agilit\u00e9 Innovation et adaptation sont des notions qui animent nos \u00e9quipes pendant toute la dur\u00e9e de votre projet. Expertise Pour mener \u00e0 bien votre projet, nous f\u00e9d\u00e9rons des \u00e9quipes qualifi\u00e9es dans chaque domaine d&rsquo;expertise pour vous garantir des objectifs r\u00e9alisables. Flexibilit\u00e9 Nous ajustons le p\u00e9rim\u00e8tre de notre mission \u00e0 vos besoins : soit [&hellip;]<\/p>\n","protected":false},"author":2,"featured_media":0,"parent":0,"menu_order":0,"comment_status":"closed","ping_status":"closed","template":"","meta":{"footnotes":""},"class_list":["post-486","page","type-page","status-publish","hentry"],"_links":{"self":[{"href":"https:\/\/www.agema.fr\/fr\/wp-json\/wp\/v2\/pages\/486","targetHints":{"allow":["GET"]}}],"collection":[{"href":"https:\/\/www.agema.fr\/fr\/wp-json\/wp\/v2\/pages"}],"about":[{"href":"https:\/\/www.agema.fr\/fr\/wp-json\/wp\/v2\/types\/page"}],"author":[{"embeddable":true,"href":"https:\/\/www.agema.fr\/fr\/wp-json\/wp\/v2\/users\/2"}],"replies":[{"embeddable":true,"href":"https:\/\/www.agema.fr\/fr\/wp-json\/wp\/v2\/comments?post=486"}],"version-history":[{"count":125,"href":"https:\/\/www.agema.fr\/fr\/wp-json\/wp\/v2\/pages\/486\/revisions"}],"predecessor-version":[{"id":7464,"href":"https:\/\/www.agema.fr\/fr\/wp-json\/wp\/v2\/pages\/486\/revisions\/7464"}],"wp:attachment":[{"href":"https:\/\/www.agema.fr\/fr\/wp-json\/wp\/v2\/media?parent=486"}],"curies":[{"name":"wp","href":"https:\/\/api.w.org\/{rel}","templated":true}]}}