{"id":5393,"date":"2023-09-19T12:15:11","date_gmt":"2023-09-19T10:15:11","guid":{"rendered":"https:\/\/www.agema.fr\/?page_id=5393"},"modified":"2026-03-16T17:49:15","modified_gmt":"2026-03-16T16:49:15","slug":"emploi-responsable-technique-et-execution-h-f-paris-perigueux-lyon","status":"publish","type":"page","link":"https:\/\/www.agema.fr\/pt\/recrutement\/emploi-responsable-technique-et-execution-h-f-paris-perigueux-lyon\/","title":{"rendered":"Emploi &#8211; RESPONSABLE TECHNIQUE ET EXECUTION &#8211; Paris\/P\u00e9rigueux\/Lyon"},"content":{"rendered":"\t\t<div data-elementor-type=\"wp-page\" data-elementor-id=\"5393\" class=\"elementor elementor-5393\" data-elementor-post-type=\"page\">\n\t\t\t\t\t\t<section class=\"elementor-section elementor-top-section elementor-element elementor-element-55abc9b elementor-section-boxed elementor-section-height-default elementor-section-height-default\" data-id=\"55abc9b\" data-element_type=\"section\" data-e-type=\"section\" data-settings=\"{&quot;background_background&quot;:&quot;classic&quot;}\">\n\t\t\t\t\t\t\t<div class=\"elementor-background-overlay\"><\/div>\n\t\t\t\t\t\t\t<div class=\"elementor-container elementor-column-gap-default\">\n\t\t\t\t\t<div class=\"elementor-column elementor-col-100 elementor-top-column elementor-element elementor-element-7736702\" data-id=\"7736702\" data-element_type=\"column\" data-e-type=\"column\" data-settings=\"{&quot;motion_fx_motion_fx_scrolling&quot;:&quot;yes&quot;,&quot;motion_fx_devices&quot;:[&quot;desktop&quot;,&quot;tablet&quot;,&quot;mobile&quot;]}\">\n\t\t\t<div class=\"elementor-widget-wrap elementor-element-populated\">\n\t\t\t\t\t\t<div class=\"elementor-element elementor-element-8b93d5d elementor-widget__width-initial elementor-widget elementor-widget-image\" data-id=\"8b93d5d\" data-element_type=\"widget\" data-e-type=\"widget\" data-widget_type=\"image.default\">\n\t\t\t\t<div class=\"elementor-widget-container\">\n\t\t\t\t\t\t\t\t\t\t\t\t\t\t\t<img decoding=\"async\" src=\"https:\/\/www.agema.fr\/wp-content\/uploads\/2022\/04\/favicon-agema.jpg\" title=\"favicon-agema\" alt=\"favicon-agema\" loading=\"lazy\" \/>\t\t\t\t\t\t\t\t\t\t\t\t\t\t\t<\/div>\n\t\t\t\t<\/div>\n\t\t\t\t<div class=\"elementor-element elementor-element-0636365 elementor-widget__width-auto animated-slow elementor-invisible elementor-widget elementor-widget-heading\" data-id=\"0636365\" data-element_type=\"widget\" data-e-type=\"widget\" data-settings=\"{&quot;_animation&quot;:&quot;fadeInUp&quot;}\" data-widget_type=\"heading.default\">\n\t\t\t\t<div class=\"elementor-widget-container\">\n\t\t\t\t\t<h1 class=\"elementor-heading-title elementor-size-default\"><a href=\"\/emploi-economiste-construction-bordeaux\/\">Responsable Technique et Ex\u00e9cution (h\/f)  \n<\/a><\/h1>\t\t\t\t<\/div>\n\t\t\t\t<\/div>\n\t\t\t\t<div class=\"elementor-element elementor-element-1018a05 elementor-widget__width-auto animated-slow elementor-invisible elementor-widget elementor-widget-heading\" data-id=\"1018a05\" data-element_type=\"widget\" data-e-type=\"widget\" data-settings=\"{&quot;_animation&quot;:&quot;fadeInUp&quot;}\" data-widget_type=\"heading.default\">\n\t\t\t\t<div class=\"elementor-widget-container\">\n\t\t\t\t\t<h4 class=\"elementor-heading-title elementor-size-default\"><a href=\"\/emploi-economiste-construction-bordeaux\/\">Paris\/P\u00e9rigueux\/Lyon<\/a><\/h4>\t\t\t\t<\/div>\n\t\t\t\t<\/div>\n\t\t\t\t\t<\/div>\n\t\t<\/div>\n\t\t\t\t\t<\/div>\n\t\t<\/section>\n\t\t\t\t<section class=\"elementor-section elementor-top-section elementor-element elementor-element-11f2bde elementor-section-content-top elementor-section-boxed elementor-section-height-default elementor-section-height-default\" data-id=\"11f2bde\" data-element_type=\"section\" data-e-type=\"section\">\n\t\t\t\t\t\t<div class=\"elementor-container elementor-column-gap-default\">\n\t\t\t\t\t<div class=\"elementor-column elementor-col-100 elementor-top-column elementor-element elementor-element-87117e8\" data-id=\"87117e8\" data-element_type=\"column\" data-e-type=\"column\">\n\t\t\t<div class=\"elementor-widget-wrap elementor-element-populated\">\n\t\t\t\t\t\t<div class=\"elementor-element elementor-element-24b258b elementor-widget elementor-widget-text-editor\" data-id=\"24b258b\" data-element_type=\"widget\" data-e-type=\"widget\" data-widget_type=\"text-editor.default\">\n\t\t\t\t<div class=\"elementor-widget-container\">\n\t\t\t\t\t\t\t\t\t<p>Le groupe SEVEN, comprenant diverses entreprises (AGEMA, AGS Facilities, AHRPE, JUBIEN, etc.) recherche pour son si\u00e8ge bas\u00e9 \u00e0 P\u00e9rigueux, un technicien syst\u00e8mes et r\u00e9seaux afin de compl\u00e9ter son \u00e9quipe de 4 personnes.<\/p>\t\t\t\t\t\t\t\t<\/div>\n\t\t\t\t<\/div>\n\t\t\t\t<div class=\"elementor-element elementor-element-e3217fd elementor-widget elementor-widget-text-editor\" data-id=\"e3217fd\" data-element_type=\"widget\" data-e-type=\"widget\" data-widget_type=\"text-editor.default\">\n\t\t\t\t<div class=\"elementor-widget-container\">\n\t\t\t\t\t\t\t\t\t<p>Dans le cadre de notre d\u00e9veloppement et de notre futur d\u00e9m\u00e9nagement nous recherchons un technicien syst\u00e8me et r\u00e9seaux exp\u00e9riment\u00e9 afin de nous aider \u00e0 mener \u00e0 bien diverses projets mais \u00e9galement \u00e0 participer \u00e0 la vie du service en accompagnant nos diff\u00e9rents utilisateurs dans leurs probl\u00e9matiques.<\/p>\t\t\t\t\t\t\t\t<\/div>\n\t\t\t\t<\/div>\n\t\t\t\t<section class=\"elementor-section elementor-inner-section elementor-element elementor-element-7fc0f80 elementor-section-boxed elementor-section-height-default elementor-section-height-default\" data-id=\"7fc0f80\" data-element_type=\"section\" data-e-type=\"section\">\n\t\t\t\t\t\t<div class=\"elementor-container elementor-column-gap-extended\">\n\t\t\t\t\t<div class=\"elementor-column elementor-col-100 elementor-inner-column elementor-element elementor-element-44e74e0\" data-id=\"44e74e0\" data-element_type=\"column\" data-e-type=\"column\">\n\t\t\t<div class=\"elementor-widget-wrap elementor-element-populated\">\n\t\t\t\t\t\t<div class=\"elementor-element elementor-element-e853b7c elementor-widget elementor-widget-heading\" data-id=\"e853b7c\" data-element_type=\"widget\" data-e-type=\"widget\" data-widget_type=\"heading.default\">\n\t\t\t\t<div class=\"elementor-widget-container\">\n\t\t\t\t\t<h1 class=\"elementor-heading-title elementor-size-default\">RESPONSABLE TECHNIQUE ET EXECUTION<\/h1>\t\t\t\t<\/div>\n\t\t\t\t<\/div>\n\t\t\t\t<div class=\"elementor-element elementor-element-7b7893f elementor-widget elementor-widget-text-editor\" data-id=\"7b7893f\" data-element_type=\"widget\" data-e-type=\"widget\" data-widget_type=\"text-editor.default\">\n\t\t\t\t<div class=\"elementor-widget-container\">\n\t\t\t\t\t\t\t\t\t<p><strong>Statut :<\/strong> Cadre<br \/><strong>Unit\u00e9 de rattachement :<\/strong> Directeur Op\u00e9rationnel<\/p>\t\t\t\t\t\t\t\t<\/div>\n\t\t\t\t<\/div>\n\t\t\t\t\t<\/div>\n\t\t<\/div>\n\t\t\t\t\t<\/div>\n\t\t<\/section>\n\t\t\t\t<section class=\"elementor-section elementor-inner-section elementor-element elementor-element-319b579 elementor-section-boxed elementor-section-height-default elementor-section-height-default\" data-id=\"319b579\" data-element_type=\"section\" data-e-type=\"section\">\n\t\t\t\t\t\t<div class=\"elementor-container elementor-column-gap-extended\">\n\t\t\t\t\t<div class=\"elementor-column elementor-col-100 elementor-inner-column elementor-element elementor-element-e93f2e5\" data-id=\"e93f2e5\" data-element_type=\"column\" data-e-type=\"column\">\n\t\t\t<div class=\"elementor-widget-wrap elementor-element-populated\">\n\t\t\t\t\t\t<div class=\"elementor-element elementor-element-b474a3e elementor-widget elementor-widget-heading\" data-id=\"b474a3e\" data-element_type=\"widget\" data-e-type=\"widget\" data-widget_type=\"heading.default\">\n\t\t\t\t<div class=\"elementor-widget-container\">\n\t\t\t\t\t<h2 class=\"elementor-heading-title elementor-size-default\">P\u00e9rim\u00e8tre<\/h2>\t\t\t\t<\/div>\n\t\t\t\t<\/div>\n\t\t\t\t<div class=\"elementor-element elementor-element-3af496d elementor-widget elementor-widget-text-editor\" data-id=\"3af496d\" data-element_type=\"widget\" data-e-type=\"widget\" data-widget_type=\"text-editor.default\">\n\t\t\t\t<div class=\"elementor-widget-container\">\n\t\t\t\t\t\t\t\t\t<p><strong>Service Commercial :<\/strong> 2 \u00e0 10 collaborateurs<br \/><strong>Service travaux<\/strong> : 2 \u00e0 8 collaborateurs<br \/><strong>Services externes :<\/strong> Clients &#8211; Fournisseurs &#8211; Sous-traitants<\/p>\t\t\t\t\t\t\t\t<\/div>\n\t\t\t\t<\/div>\n\t\t\t\t\t<\/div>\n\t\t<\/div>\n\t\t\t\t\t<\/div>\n\t\t<\/section>\n\t\t\t\t<section class=\"elementor-section elementor-inner-section elementor-element elementor-element-e9c6fd2 elementor-section-boxed elementor-section-height-default elementor-section-height-default\" data-id=\"e9c6fd2\" data-element_type=\"section\" data-e-type=\"section\">\n\t\t\t\t\t\t<div class=\"elementor-container elementor-column-gap-extended\">\n\t\t\t\t\t<div class=\"elementor-column elementor-col-50 elementor-inner-column elementor-element elementor-element-5ea234e\" data-id=\"5ea234e\" data-element_type=\"column\" data-e-type=\"column\">\n\t\t\t<div class=\"elementor-widget-wrap elementor-element-populated\">\n\t\t\t\t\t\t<div class=\"elementor-element elementor-element-90ec81c elementor-widget elementor-widget-heading\" data-id=\"90ec81c\" data-element_type=\"widget\" data-e-type=\"widget\" data-widget_type=\"heading.default\">\n\t\t\t\t<div class=\"elementor-widget-container\">\n\t\t\t\t\t<h2 class=\"elementor-heading-title elementor-size-default\">Principales activit\u00e9s de la fonction : <\/h2>\t\t\t\t<\/div>\n\t\t\t\t<\/div>\n\t\t\t\t<div class=\"elementor-element elementor-element-0197541 elementor-widget elementor-widget-text-editor\" data-id=\"0197541\" data-element_type=\"widget\" data-e-type=\"widget\" data-widget_type=\"text-editor.default\">\n\t\t\t\t<div class=\"elementor-widget-container\">\n\t\t\t\t\t\t\t\t\t<h4><span style=\"color: #c81e46;\"><strong>Phase Pr\u00e9paratoire\/Etudes<\/strong><\/span><\/h4><ul><li>R\u00e9alise des visites techniques sur les sites (contr\u00f4le de mesures, synth\u00e8se des travaux)<\/li><li>Analyse les contraintes techniques, r\u00e9glementaires et d\u2019exploitation<\/li><li>Participe \u00e0 l\u2019\u00e9tablissement des estimations financi\u00e8res pour les devis<\/li><li>Propose des solutions techniques optimis\u00e9es (co\u00fbt, d\u00e9lai, qualit\u00e9)<\/li><li>Met au point les plans d\u2019ex\u00e9cution tous corps d\u2019\u00e9tat<\/li><li>Assure la coh\u00e9rence entre les corps d\u2019\u00e9tat (cloisons, sols, plafonds, menuiseries, plomberie \u2026)<\/li><\/ul><p>\u00a0<\/p><h4><span style=\"color: #c81e46;\"><strong>Phase d\u2019ex\u00e9cution<\/strong><\/span><\/h4><ul><li>Accompagne le conducteur de travaux dans le suivi des chantiers<\/li><li>Participe aux r\u00e9unions de coordination Maitre d\u2019ouvrages, avec les B.E. pendant la phase conception.<\/li><li>R\u00e9dige les comptes rendus de r\u00e9unions<\/li><li>S\u2019assure de la bonne application des concepts clients<\/li><li>V\u00e9rifie la conformit\u00e9 des ouvrages aux plans et aux exigences techniques<\/li><li>Corrige et adapte les plans en cours de travaux selon les contraintes terrain<\/li><li>Apporte un support technique aux \u00e9quipes travaux et sous-traitants<\/li><\/ul><h4>\u00a0<\/h4><h4><strong style=\"color: #c81e46;\">Synth\u00e8se technique et Coordination<\/strong><\/h4><ul><li>R\u00e9alise les synth\u00e8ses techniques en int\u00e9grant les BET (CVC, structure, \u00e9lectricit\u00e9 \u2026)<\/li><li>Coordonne les interfaces entre les lots techniques et architecturaux<\/li><li>Anticipe et r\u00e9sout les conflits techniques<br \/>Synth\u00e8se technique et coordination<\/li><li>Constitue et v\u00e9rifie les DOE<\/li><li>S\u2019assure de la conformit\u00e9 finale avant r\u00e9ception<\/li><li>Participe aux op\u00e9rations de r\u00e9ception et lev\u00e9e des r\u00e9serves<\/li><\/ul>\t\t\t\t\t\t\t\t<\/div>\n\t\t\t\t<\/div>\n\t\t\t\t\t<\/div>\n\t\t<\/div>\n\t\t\t\t<div class=\"elementor-column elementor-col-50 elementor-inner-column elementor-element elementor-element-74b29c0\" data-id=\"74b29c0\" data-element_type=\"column\" data-e-type=\"column\">\n\t\t\t<div class=\"elementor-widget-wrap elementor-element-populated\">\n\t\t\t\t\t\t<div class=\"elementor-element elementor-element-e3c9316 elementor-widget elementor-widget-heading\" data-id=\"e3c9316\" data-element_type=\"widget\" data-e-type=\"widget\" data-widget_type=\"heading.default\">\n\t\t\t\t<div class=\"elementor-widget-container\">\n\t\t\t\t\t<h2 class=\"elementor-heading-title elementor-size-default\">D\u00e9finition de la mission : <\/h2>\t\t\t\t<\/div>\n\t\t\t\t<\/div>\n\t\t\t\t<div class=\"elementor-element elementor-element-90e78bb elementor-widget elementor-widget-text-editor\" data-id=\"90e78bb\" data-element_type=\"widget\" data-e-type=\"widget\" data-widget_type=\"text-editor.default\">\n\t\t\t\t<div class=\"elementor-widget-container\">\n\t\t\t\t\t\t\t\t\t<ul><li>Est garant de la faisabilit\u00e9 technique, de la conformit\u00e9 aux concepts des enseignes qui lui sont attribu\u00e9es et de la qualit\u00e9 d\u2019ex\u00e9cution des projets<\/li><li>Intervient en amont pour s\u00e9curiser les \u00e9tudes en accompagnement de l\u2019\u00e9quipe commerciale, puis tout au long des travaux en appui du conducteur de travaux, jusqu\u2019\u00e0 la constitution des dossiers de fin de chantier<\/li><\/ul>\t\t\t\t\t\t\t\t<\/div>\n\t\t\t\t<\/div>\n\t\t\t\t\t<\/div>\n\t\t<\/div>\n\t\t\t\t\t<\/div>\n\t\t<\/section>\n\t\t\t\t\t<\/div>\n\t\t<\/div>\n\t\t\t\t\t<\/div>\n\t\t<\/section>\n\t\t\t\t<section class=\"elementor-section elementor-top-section elementor-element elementor-element-01568b0 elementor-section-boxed elementor-section-height-default elementor-section-height-default\" data-id=\"01568b0\" data-element_type=\"section\" data-e-type=\"section\" data-settings=\"{&quot;background_background&quot;:&quot;classic&quot;}\">\n\t\t\t\t\t\t<div class=\"elementor-container elementor-column-gap-default\">\n\t\t\t\t\t<div class=\"elementor-column elementor-col-100 elementor-top-column elementor-element elementor-element-8d94156\" data-id=\"8d94156\" data-element_type=\"column\" data-e-type=\"column\">\n\t\t\t<div class=\"elementor-widget-wrap elementor-element-populated\">\n\t\t\t\t\t\t<div class=\"elementor-element elementor-element-f66e9be animated-slow elementor-invisible elementor-widget elementor-widget-heading\" data-id=\"f66e9be\" data-element_type=\"widget\" data-e-type=\"widget\" data-settings=\"{&quot;_animation&quot;:&quot;fadeInUp&quot;}\" data-widget_type=\"heading.default\">\n\t\t\t\t<div class=\"elementor-widget-container\">\n\t\t\t\t\t<h2 class=\"elementor-heading-title elementor-size-default\">Postuler \u00e0 cette offre<\/h2>\t\t\t\t<\/div>\n\t\t\t\t<\/div>\n\t\t\t\t<div class=\"elementor-element elementor-element-2fc8bd9 elementor-button-align-stretch elementor-widget elementor-widget-form\" data-id=\"2fc8bd9\" data-element_type=\"widget\" data-e-type=\"widget\" data-settings=\"{&quot;step_next_label&quot;:&quot;Suivant&quot;,&quot;step_previous_label&quot;:&quot;Pr\\u00e9c\\u00e9dent&quot;,&quot;button_width&quot;:&quot;100&quot;,&quot;step_type&quot;:&quot;number_text&quot;,&quot;step_icon_shape&quot;:&quot;circle&quot;}\" data-widget_type=\"form.default\">\n\t\t\t\t<div class=\"elementor-widget-container\">\n\t\t\t\t\t\t\t<form class=\"elementor-form\" method=\"post\" name=\"Candidature conducteur travaux Nancy\" aria-label=\"Candidature conducteur travaux Nancy\">\n\t\t\t<input type=\"hidden\" name=\"post_id\" value=\"5393\"\/>\n\t\t\t<input type=\"hidden\" name=\"form_id\" value=\"2fc8bd9\"\/>\n\t\t\t<input type=\"hidden\" name=\"referer_title\" value=\"\" \/>\n\n\t\t\t\n\t\t\t<div class=\"elementor-form-fields-wrapper elementor-labels-above\">\n\t\t\t\t\t\t\t\t<div class=\"elementor-field-type-text elementor-field-group elementor-column elementor-field-group-Nom elementor-col-50\">\n\t\t\t\t\t\t\t\t\t\t\t\t\t<input size=\"1\" type=\"text\" name=\"form_fields[Nom]\" id=\"form-field-Nom\" class=\"elementor-field elementor-size-sm  elementor-field-textual\" placeholder=\"Nom\">\n\t\t\t\t\t\t\t\t\t\t\t<\/div>\n\t\t\t\t\t\t\t\t<div class=\"elementor-field-type-text elementor-field-group elementor-column elementor-field-group-Prenom elementor-col-50\">\n\t\t\t\t\t\t\t\t\t\t\t\t\t<input size=\"1\" type=\"text\" name=\"form_fields[Prenom]\" id=\"form-field-Prenom\" class=\"elementor-field elementor-size-sm  elementor-field-textual\" placeholder=\"Pr\u00e9nom\">\n\t\t\t\t\t\t\t\t\t\t\t<\/div>\n\t\t\t\t\t\t\t\t<div class=\"elementor-field-type-email elementor-field-group elementor-column elementor-field-group-email elementor-col-50 elementor-field-required\">\n\t\t\t\t\t\t\t\t\t\t\t\t\t<input size=\"1\" type=\"email\" name=\"form_fields[email]\" id=\"form-field-email\" class=\"elementor-field elementor-size-sm  elementor-field-textual\" placeholder=\"E-mail\" required=\"required\">\n\t\t\t\t\t\t\t\t\t\t\t<\/div>\n\t\t\t\t\t\t\t\t<div class=\"elementor-field-type-tel elementor-field-group elementor-column elementor-field-group-Tel elementor-col-50 elementor-field-required\">\n\t\t\t\t\t\t\t<input size=\"1\" type=\"tel\" name=\"form_fields[Tel]\" id=\"form-field-Tel\" class=\"elementor-field elementor-size-sm  elementor-field-textual\" placeholder=\"T\u00e9l\u00e9phone\" required=\"required\" pattern=\"[0-9()#&amp;+*-=.]+\" title=\"Only numbers and phone characters (#, -, *, etc) are accepted.\">\n\n\t\t\t\t\t\t<\/div>\n\t\t\t\t\t\t\t\t<div class=\"elementor-field-type-text\">\n\t\t\t\t\t<input size=\"1\" type=\"text\" name=\"form_fields[field_0a00ad5]\" id=\"form-field-field_0a00ad5\" class=\"elementor-field elementor-size-sm \" style=\"display:none !important;\">\t\t\t\t<\/div>\n\t\t\t\t\t\t\t\t<div class=\"elementor-field-type-upload elementor-field-group elementor-column elementor-field-group-field_346e354 elementor-col-100\">\n\t\t\t\t\t\t\t\t\t\t\t\t<label for=\"form-field-field_346e354\" class=\"elementor-field-label\">\n\t\t\t\t\t\t\t\tCV\t\t\t\t\t\t\t<\/label>\n\t\t\t\t\t\t\t\t<input type=\"file\" name=\"form_fields[field_346e354]\" id=\"form-field-field_346e354\" class=\"elementor-field elementor-size-sm  elementor-upload-field\" data-maxsize=\"5\" data-maxsize-message=\"This file exceeds the maximum allowed size.\">\n\n\t\t\t\t\t\t<\/div>\n\t\t\t\t\t\t\t\t<div class=\"elementor-field-type-recaptcha elementor-field-group elementor-column elementor-field-group-field_5214324 elementor-col-100\">\n\t\t\t\t\t<div class=\"elementor-field\" id=\"form-field-field_5214324\"><div class=\"elementor-g-recaptcha\" data-sitekey=\"6LfjeacoAAAAAJbuDikys7IBy8kpTA-E1ESlaC7i\" data-type=\"v2_checkbox\" data-theme=\"light\" data-size=\"normal\"><\/div><\/div>\t\t\t\t<\/div>\n\t\t\t\t\t\t\t\t<div class=\"elementor-field-group elementor-column elementor-field-type-submit elementor-col-100 e-form__buttons\">\n\t\t\t\t\t<button class=\"elementor-button elementor-size-sm\" type=\"submit\">\n\t\t\t\t\t\t<span class=\"elementor-button-content-wrapper\">\n\t\t\t\t\t\t\t\t\t\t\t\t\t\t\t\t\t\t\t\t\t\t<span class=\"elementor-button-text\">Envoyer<\/span>\n\t\t\t\t\t\t\t\t\t\t\t\t\t<\/span>\n\t\t\t\t\t<\/button>\n\t\t\t\t<\/div>\n\t\t\t<\/div>\n\t\t<\/form>\n\t\t\t\t\t\t<\/div>\n\t\t\t\t<\/div>\n\t\t\t\t\t<\/div>\n\t\t<\/div>\n\t\t\t\t\t<\/div>\n\t\t<\/section>\n\t\t\t\t<\/div>\n\t\t","protected":false},"excerpt":{"rendered":"<p>Responsable Technique et Ex\u00e9cution (h\/f) Paris\/P\u00e9rigueux\/Lyon Le groupe SEVEN, comprenant diverses entreprises (AGEMA, AGS Facilities, AHRPE, JUBIEN, etc.) recherche pour son si\u00e8ge bas\u00e9 \u00e0 P\u00e9rigueux, un technicien syst\u00e8mes et r\u00e9seaux afin de compl\u00e9ter son \u00e9quipe de 4 personnes. Dans le cadre de notre d\u00e9veloppement et de notre futur d\u00e9m\u00e9nagement nous recherchons un technicien syst\u00e8me et [&hellip;]<\/p>\n","protected":false},"author":12,"featured_media":0,"parent":33,"menu_order":0,"comment_status":"closed","ping_status":"closed","template":"","meta":{"footnotes":""},"class_list":["post-5393","page","type-page","status-publish","hentry"],"_links":{"self":[{"href":"https:\/\/www.agema.fr\/pt\/wp-json\/wp\/v2\/pages\/5393","targetHints":{"allow":["GET"]}}],"collection":[{"href":"https:\/\/www.agema.fr\/pt\/wp-json\/wp\/v2\/pages"}],"about":[{"href":"https:\/\/www.agema.fr\/pt\/wp-json\/wp\/v2\/types\/page"}],"author":[{"embeddable":true,"href":"https:\/\/www.agema.fr\/pt\/wp-json\/wp\/v2\/users\/12"}],"replies":[{"embeddable":true,"href":"https:\/\/www.agema.fr\/pt\/wp-json\/wp\/v2\/comments?post=5393"}],"version-history":[{"count":40,"href":"https:\/\/www.agema.fr\/pt\/wp-json\/wp\/v2\/pages\/5393\/revisions"}],"predecessor-version":[{"id":7770,"href":"https:\/\/www.agema.fr\/pt\/wp-json\/wp\/v2\/pages\/5393\/revisions\/7770"}],"up":[{"embeddable":true,"href":"https:\/\/www.agema.fr\/pt\/wp-json\/wp\/v2\/pages\/33"}],"wp:attachment":[{"href":"https:\/\/www.agema.fr\/pt\/wp-json\/wp\/v2\/media?parent=5393"}],"curies":[{"name":"wp","href":"https:\/\/api.w.org\/{rel}","templated":true}]}}